{"id":99,"date":"2026-04-11T16:25:18","date_gmt":"2026-04-11T16:25:18","guid":{"rendered":"https:\/\/orientlook.com\/?post_type=product&#038;p=99"},"modified":"2026-04-16T15:54:00","modified_gmt":"2026-04-16T15:54:00","slug":"musulman-2-pieces-ensemble-femmes-imprimer-blouse-dubai-inde-haut-pantalon-a-jambes-larges-costume-maroc-musulman-ensemble-decontracte-femme-tenues-arabes","status":"publish","type":"product","link":"https:\/\/orientlook.com\/index.php\/product\/musulman-2-pieces-ensemble-femmes-imprimer-blouse-dubai-inde-haut-pantalon-a-jambes-larges-costume-maroc-musulman-ensemble-decontracte-femme-tenues-arabes\/","title":{"rendered":"Musulman 2 pi\u00e8ces Ensemble femmes imprimer Blouse duba\u00ef inde haut pantalon \u00e0 jambes larges costume Maroc Musulman Ensemble d\u00e9contract\u00e9 Femme tenues arabes"},"content":{"rendered":"<div class=\"detailmodule_html\">\n<div class=\"detail-desc-decorate-richtext\">\n<div id=\"offer-template-0\">&nbsp;<\/div>\n<div style=\"width: 790.0px;\"><img decoding=\"async\" cke-id=\"img72\" referrerpolicy=\"no-referrer\" src=\"https:\/\/ae01.alicdn.com\/kf\/S3521f435056d49eab5ddc177b686dd48t.jpg?width=1114&#038;height=525&#038;hash=1639\" width=\"800px;\"> <img decoding=\"async\" cke-id=\"img73\" data-id=\"ckeditor_img43\" referrerpolicy=\"no-referrer\" src=\"https:\/\/ae01.alicdn.com\/kf\/S818cc127da494184bededff391a42eccW.jpg?width=574&#038;height=760&#038;hash=1334\" style=\"display: block;width: 100.0%;height: auto;\" usemap=\"#_sdmap_1\"> <img decoding=\"async\" cke-id=\"img74\" data-id=\"ckeditor_img44\" referrerpolicy=\"no-referrer\" src=\"https:\/\/ae01.alicdn.com\/kf\/S65fbdb5ed8034f55bad9379af8e94d46I.jpg?width=630&#038;height=814&#038;hash=1444\" style=\"display: block;width: 100.0%;height: auto;\" usemap=\"#_sdmap_2\"> <img decoding=\"async\" cke-id=\"img75\" data-id=\"ckeditor_img45\" referrerpolicy=\"no-referrer\" src=\"https:\/\/ae01.alicdn.com\/kf\/S3faf31b4abb446e8bb37f781fc9b5f4ax.jpg?width=502&#038;height=806&#038;hash=1308\" style=\"display: block;width: 100.0%;height: auto;\" usemap=\"#_sdmap_3\"> <img decoding=\"async\" cke-id=\"img76\" data-id=\"ckeditor_img46\" referrerpolicy=\"no-referrer\" src=\"https:\/\/ae01.alicdn.com\/kf\/S427de9200e9d4e6dbd8c50dca6c3d60dr.jpg?width=632&#038;height=907&#038;hash=1539\" style=\"display: block;width: 100.0%;height: auto;\" usemap=\"#_sdmap_4\"> <img decoding=\"async\" cke-id=\"img77\" data-id=\"ckeditor_img47\" referrerpolicy=\"no-referrer\" src=\"https:\/\/ae01.alicdn.com\/kf\/Sbadb9c79467c413cabe8c8f34024a0083.jpg?width=1920&#038;height=1919&#038;hash=3839\" style=\"display: block;width: 100.0%;height: auto;\" usemap=\"#_sdmap_5\"> <img decoding=\"async\" cke-id=\"img78\" data-id=\"ckeditor_img48\" referrerpolicy=\"no-referrer\" src=\"https:\/\/ae01.alicdn.com\/kf\/S1dd37c1de7254b0ab05fa68975b1d609I.jpg?width=1920&#038;height=1919&#038;hash=3839\" style=\"display: block;width: 100.0%;height: auto;\" usemap=\"#_sdmap_6\"><\/div>\n<\/div>\n<\/div>\n<p><img decoding=\"async\" class=\"img-responsive\" src=\"\/\/ae01.alicdn.com\/kf\/Sfbced43cdd61418cb29ddafc8d7b123b0.jpg\"\/><img decoding=\"async\" class=\"img-responsive\" src=\"\/\/ae01.alicdn.com\/kf\/S6c5494e32a1a4cb085b30377fc34ebc8k.jpg\"\/><img decoding=\"async\" class=\"img-responsive\" src=\"\/\/ae01.alicdn.com\/kf\/Scb158cdec2b7454fb986ff1a0ae3d485K.jpg\"\/><img decoding=\"async\" class=\"img-responsive\" src=\"\/\/ae01.alicdn.com\/kf\/S9f741d51cfe44dc3895ae709f751e0167.jpg\"\/><img decoding=\"async\" class=\"img-responsive\" src=\"\/\/ae01.alicdn.com\/kf\/Scf20bef270c349caa850cca5694cdf4dd.jpg\"\/><img decoding=\"async\" class=\"img-responsive\" src=\"\/\/ae01.alicdn.com\/kf\/S3d56efb8a7b74798aa13da26dd85c84bE.jpg\"\/><img decoding=\"async\" class=\"img-responsive\" src=\"\/\/ae01.alicdn.com\/kf\/S46d7aee805e049419eaf85c9c44b91572.jpg\"\/><\/p>\n","protected":false},"excerpt":{"rendered":"<p>&nbsp;<\/p>\n","protected":false},"featured_media":100,"comment_status":"open","ping_status":"closed","template":"","meta":[],"product_brand":[],"product_cat":[],"product_tag":[],"class_list":{"0":"post-99","1":"product","2":"type-product","3":"status-publish","4":"has-post-thumbnail","6":"pa_couleur-abricot","7":"pa_taille-s","8":"pa_taille-l","9":"pa_taille-m","10":"pa_taille-xxl","11":"pa_taille-xl","13":"first","14":"instock","15":"shipping-taxable","16":"purchasable","17":"product-type-variable"},"_links":{"self":[{"href":"https:\/\/orientlook.com\/index.php\/wp-json\/wp\/v2\/product\/99","targetHints":{"allow":["GET"]}}],"collection":[{"href":"https:\/\/orientlook.com\/index.php\/wp-json\/wp\/v2\/product"}],"about":[{"href":"https:\/\/orientlook.com\/index.php\/wp-json\/wp\/v2\/types\/product"}],"replies":[{"embeddable":true,"href":"https:\/\/orientlook.com\/index.php\/wp-json\/wp\/v2\/comments?post=99"}],"wp:featuredmedia":[{"embeddable":true,"href":"https:\/\/orientlook.com\/index.php\/wp-json\/wp\/v2\/media\/100"}],"wp:attachment":[{"href":"https:\/\/orientlook.com\/index.php\/wp-json\/wp\/v2\/media?parent=99"}],"wp:term":[{"taxonomy":"product_brand","embeddable":true,"href":"https:\/\/orientlook.com\/index.php\/wp-json\/wp\/v2\/product_brand?post=99"},{"taxonomy":"product_cat","embeddable":true,"href":"https:\/\/orientlook.com\/index.php\/wp-json\/wp\/v2\/product_cat?post=99"},{"taxonomy":"product_tag","embeddable":true,"href":"https:\/\/orientlook.com\/index.php\/wp-json\/wp\/v2\/product_tag?post=99"}],"curies":[{"name":"wp","href":"https:\/\/api.w.org\/{rel}","templated":true}]}}