{"id":975,"date":"2026-04-11T16:50:35","date_gmt":"2026-04-11T16:50:35","guid":{"rendered":"https:\/\/orientlook.com\/?post_type=product&#038;p=975"},"modified":"2026-04-11T16:50:35","modified_gmt":"2026-04-11T16:50:35","slug":"ensembles-deux-pieces-musulmans-pour-femmes-robes-de-bal-mode-broderie-coloree-abaya-kaftan-turc-robe-de-priere-pour-femmes","status":"publish","type":"product","link":"https:\/\/orientlook.com\/index.php\/product\/ensembles-deux-pieces-musulmans-pour-femmes-robes-de-bal-mode-broderie-coloree-abaya-kaftan-turc-robe-de-priere-pour-femmes\/","title":{"rendered":"Ensembles deux pi\u00e8ces musulmans pour femmes, robes de bal, mode, broderie color\u00e9e, abaya, kaftan turc, robe de pri\u00e8re pour femmes"},"content":{"rendered":"<div class=\"detailmodule_html\">\n<div class=\"detail-desc-decorate-richtext\">\n<div class=\"detailmodule_html\">\n<div class=\"detail-desc-decorate-richtext\">\n<p><img decoding=\"async\" src=\"https:\/\/ae01.alicdn.com\/kf\/Sfab3e9a3a02b4ce3a848541b58dd3afcH.jpg?width=1000&amp;height=526&amp;hash=1526\" \/><img decoding=\"async\" src=\"https:\/\/ae01.alicdn.com\/kf\/S3f4194c9c4794d129f8747b2d4f87106B.jpg?width=1000&amp;height=1333&amp;hash=2333\" \/><img decoding=\"async\" src=\"https:\/\/ae01.alicdn.com\/kf\/S814710a514b94bfb93aea840cb026fa8e.jpg?width=1000&amp;height=1333&amp;hash=2333\" \/><img decoding=\"async\" src=\"https:\/\/ae01.alicdn.com\/kf\/S0ecb559347d04e9493640a1b5cc863a8Z.jpg?width=1000&amp;height=1333&amp;hash=2333\" \/><img decoding=\"async\" src=\"https:\/\/ae01.alicdn.com\/kf\/S8274babb721e4217bd7d05ab8b5498a8c.jpg?width=1000&amp;height=1333&amp;hash=2333\" \/><img decoding=\"async\" src=\"https:\/\/ae01.alicdn.com\/kf\/Sc62a4b3b6ad6447ba2be66f391a093d83.jpg?width=1000&amp;height=1333&amp;hash=2333\" \/><img decoding=\"async\" src=\"https:\/\/ae01.alicdn.com\/kf\/S596f137c63b045408d3b48875de084e1v.jpg?width=1000&amp;height=1333&amp;hash=2333\" \/><img decoding=\"async\" src=\"https:\/\/ae01.alicdn.com\/kf\/S7b2b8974e0f84d2b88d3d62bbfe6d9cdS.jpg?width=1000&amp;height=1333&amp;hash=2333\" \/><img decoding=\"async\" src=\"https:\/\/ae01.alicdn.com\/kf\/S83b683c1fc5b4fc89d2251a02242bd4dh.jpg?width=1000&amp;height=1333&amp;hash=2333\" \/><img decoding=\"async\" src=\"https:\/\/ae01.alicdn.com\/kf\/S4cce1342cd224a9a9ba57195615972475.jpg?width=1000&amp;height=1333&amp;hash=2333\" \/><img decoding=\"async\" src=\"https:\/\/ae01.alicdn.com\/kf\/S8f47018c3c364bfe80cfd41e7175f283K.jpg?width=1000&amp;height=1333&amp;hash=2333\" \/><img decoding=\"async\" src=\"https:\/\/ae01.alicdn.com\/kf\/S60f10ea5fb0645f0a97aaa65210ba419Q.jpg?width=1000&amp;height=1334&amp;hash=2334\" \/><img decoding=\"async\" src=\"https:\/\/ae01.alicdn.com\/kf\/Sb48f8b5f191e40bfade85b3655367772Y.jpg?width=1000&amp;height=1333&amp;hash=2333\" \/><img decoding=\"async\" src=\"https:\/\/ae01.alicdn.com\/kf\/Se08acfb121b94501ac542aeca6b8e0feE.jpg?width=1000&amp;height=1334&amp;hash=2334\" \/><img decoding=\"async\" src=\"https:\/\/ae01.alicdn.com\/kf\/S7824bf6570b347338bd8382de82e9e5fh.jpg?width=1000&amp;height=1334&amp;hash=2334\" \/><img decoding=\"async\" src=\"https:\/\/ae01.alicdn.com\/kf\/S2bd273672c1b4a8a80016a7773854d84k.jpg?width=1000&amp;height=1334&amp;hash=2334\" \/><img decoding=\"async\" src=\"https:\/\/ae01.alicdn.com\/kf\/S20086580d7d8428cb836ccf8e07b555dT.jpg?width=1000&amp;height=1334&amp;hash=2334\" \/><img decoding=\"async\" src=\"https:\/\/ae01.alicdn.com\/kf\/S4816897ba5514b31a0983fb2fa2ed81do.jpg?width=1000&amp;height=1334&amp;hash=2334\" \/><img decoding=\"async\" src=\"https:\/\/ae01.alicdn.com\/kf\/S11283369937a4ab3b886ad3a87afe6953.jpg?width=1000&amp;height=1333&amp;hash=2333\" \/><img decoding=\"async\" src=\"https:\/\/ae01.alicdn.com\/kf\/S3be04cb5ce0945e4b83091d4b4c7e311e.jpg?width=1000&amp;height=1333&amp;hash=2333\" \/><img decoding=\"async\" src=\"https:\/\/ae01.alicdn.com\/kf\/S99e4564bb88345d0853bb5efe71ad58cB.jpg?width=1000&amp;height=1333&amp;hash=2333\" \/><img decoding=\"async\" src=\"https:\/\/ae01.alicdn.com\/kf\/S940b3a876f3345448e8305fb0624b457p.jpg?width=1000&amp;height=1333&amp;hash=2333\" \/><img decoding=\"async\" src=\"https:\/\/ae01.alicdn.com\/kf\/Sd68388affdff4da6ac473b0819f2f527h.jpg?width=1000&amp;height=1334&amp;hash=2334\" \/><img decoding=\"async\" src=\"https:\/\/ae01.alicdn.com\/kf\/Sc183329a0c774ebb990e59a7ec63ccbcR.jpg?width=1000&amp;height=1334&amp;hash=2334\" \/><img decoding=\"async\" src=\"https:\/\/ae01.alicdn.com\/kf\/S86cf7496f86d43728fedfd3a7a10c8d7o.jpg?width=1000&amp;height=1333&amp;hash=2333\" \/><img decoding=\"async\" src=\"https:\/\/ae01.alicdn.com\/kf\/Saa8eeac14a2c4cdf9a076b28c1fb606dT.jpg?width=1000&amp;height=1333&amp;hash=2333\" \/><img decoding=\"async\" src=\"https:\/\/ae01.alicdn.com\/kf\/Sab55995478d642cfbd49caf93b0be7eeR.jpg?width=1000&amp;height=1333&amp;hash=2333\" \/><img decoding=\"async\" src=\"https:\/\/ae01.alicdn.com\/kf\/S624a241c0e7b4f2781f2a32cbf640e89x.jpg?width=1000&amp;height=1333&amp;hash=2333\" \/><img decoding=\"async\" src=\"https:\/\/ae01.alicdn.com\/kf\/Sed0c48cd8142432f95fb6d1d1654a527o.jpg?width=1000&amp;height=1334&amp;hash=2334\" \/><img decoding=\"async\" src=\"https:\/\/ae01.alicdn.com\/kf\/S99e59007168f43b287d3656273a5f89cR.jpg?width=1000&amp;height=1334&amp;hash=2334\" \/><br \/>\u00c2\u00a0 \u00c2\u00a0 \u00c2\u00a0 \u00c2\u00a0 \u00c2\u00a0 \u00c2\u00a0 \u00c2\u00a0 \u00c2\u00a0 \u00c2\u00a0 \u00c2\u00a0 \u00c2\u00a0 \u00c2\u00a0 \u00c2\u00a0 \u00c2\u00a0 \u00c2\u00a0 \u00c2\u00a0 \u00c2\u00a0 \u00c2\u00a0 \u00c2\u00a0 \u00c2\u00a0 \u00c2\u00a0 \u00c2\u00a0 \u00c2\u00a0<span id=\"tl_2\"><\/span><\/p>\n<\/div>\n<\/div>\n<\/div>\n<\/div>\n<p><img decoding=\"async\" class=\"img-responsive\" src=\"\/\/ae01.alicdn.com\/kf\/Sfab3e9a3a02b4ce3a848541b58dd3afcH.jpg\" \/><img decoding=\"async\" class=\"img-responsive\" src=\"\/\/ae01.alicdn.com\/kf\/S3f4194c9c4794d129f8747b2d4f87106B.jpg\" \/><img decoding=\"async\" class=\"img-responsive\" src=\"\/\/ae01.alicdn.com\/kf\/S814710a514b94bfb93aea840cb026fa8e.jpg\" \/><img decoding=\"async\" class=\"img-responsive\" src=\"\/\/ae01.alicdn.com\/kf\/S0ecb559347d04e9493640a1b5cc863a8Z.jpg\" \/><img decoding=\"async\" class=\"img-responsive\" src=\"\/\/ae01.alicdn.com\/kf\/S8274babb721e4217bd7d05ab8b5498a8c.jpg\" \/><img decoding=\"async\" class=\"img-responsive\" src=\"\/\/ae01.alicdn.com\/kf\/Sc62a4b3b6ad6447ba2be66f391a093d83.jpg\" \/><img decoding=\"async\" class=\"img-responsive\" src=\"\/\/ae01.alicdn.com\/kf\/S596f137c63b045408d3b48875de084e1v.jpg\" \/><img decoding=\"async\" class=\"img-responsive\" src=\"\/\/ae01.alicdn.com\/kf\/S7b2b8974e0f84d2b88d3d62bbfe6d9cdS.jpg\" \/><img decoding=\"async\" class=\"img-responsive\" src=\"\/\/ae01.alicdn.com\/kf\/S83b683c1fc5b4fc89d2251a02242bd4dh.jpg\" \/><img decoding=\"async\" class=\"img-responsive\" src=\"\/\/ae01.alicdn.com\/kf\/S4cce1342cd224a9a9ba57195615972475.jpg\" \/><img decoding=\"async\" class=\"img-responsive\" src=\"\/\/ae01.alicdn.com\/kf\/S8f47018c3c364bfe80cfd41e7175f283K.jpg\" \/><img decoding=\"async\" class=\"img-responsive\" src=\"\/\/ae01.alicdn.com\/kf\/S60f10ea5fb0645f0a97aaa65210ba419Q.jpg\" \/><img decoding=\"async\" class=\"img-responsive\" src=\"\/\/ae01.alicdn.com\/kf\/Sb48f8b5f191e40bfade85b3655367772Y.jpg\" \/><img decoding=\"async\" class=\"img-responsive\" src=\"\/\/ae01.alicdn.com\/kf\/Se08acfb121b94501ac542aeca6b8e0feE.jpg\" \/><img decoding=\"async\" class=\"img-responsive\" src=\"\/\/ae01.alicdn.com\/kf\/S7824bf6570b347338bd8382de82e9e5fh.jpg\" \/><img decoding=\"async\" class=\"img-responsive\" src=\"\/\/ae01.alicdn.com\/kf\/S2bd273672c1b4a8a80016a7773854d84k.jpg\" \/><img decoding=\"async\" class=\"img-responsive\" src=\"\/\/ae01.alicdn.com\/kf\/S20086580d7d8428cb836ccf8e07b555dT.jpg\" \/><img decoding=\"async\" class=\"img-responsive\" src=\"\/\/ae01.alicdn.com\/kf\/S4816897ba5514b31a0983fb2fa2ed81do.jpg\" \/><img decoding=\"async\" class=\"img-responsive\" src=\"\/\/ae01.alicdn.com\/kf\/S11283369937a4ab3b886ad3a87afe6953.jpg\" \/><img decoding=\"async\" class=\"img-responsive\" src=\"\/\/ae01.alicdn.com\/kf\/S3be04cb5ce0945e4b83091d4b4c7e311e.jpg\" \/><img decoding=\"async\" class=\"img-responsive\" src=\"\/\/ae01.alicdn.com\/kf\/S99e4564bb88345d0853bb5efe71ad58cB.jpg\" \/><img decoding=\"async\" class=\"img-responsive\" src=\"\/\/ae01.alicdn.com\/kf\/S940b3a876f3345448e8305fb0624b457p.jpg\" \/><img decoding=\"async\" class=\"img-responsive\" src=\"\/\/ae01.alicdn.com\/kf\/Sd68388affdff4da6ac473b0819f2f527h.jpg\" \/><img decoding=\"async\" class=\"img-responsive\" src=\"\/\/ae01.alicdn.com\/kf\/Sc183329a0c774ebb990e59a7ec63ccbcR.jpg\" \/><img decoding=\"async\" class=\"img-responsive\" src=\"\/\/ae01.alicdn.com\/kf\/S86cf7496f86d43728fedfd3a7a10c8d7o.jpg\" \/><img decoding=\"async\" class=\"img-responsive\" src=\"\/\/ae01.alicdn.com\/kf\/Saa8eeac14a2c4cdf9a076b28c1fb606dT.jpg\" \/><img decoding=\"async\" class=\"img-responsive\" src=\"\/\/ae01.alicdn.com\/kf\/Sab55995478d642cfbd49caf93b0be7eeR.jpg\" \/><img decoding=\"async\" class=\"img-responsive\" src=\"\/\/ae01.alicdn.com\/kf\/S624a241c0e7b4f2781f2a32cbf640e89x.jpg\" \/><img decoding=\"async\" class=\"img-responsive\" src=\"\/\/ae01.alicdn.com\/kf\/Sed0c48cd8142432f95fb6d1d1654a527o.jpg\" \/><img decoding=\"async\" class=\"img-responsive\" src=\"\/\/ae01.alicdn.com\/kf\/S99e59007168f43b287d3656273a5f89cR.jpg\" \/><\/p><\/p>\n","protected":false},"excerpt":{"rendered":"<p>\u00c2\u00a0 \u00c2\u00a0 \u00c2\u00a0 \u00c2\u00a0 \u00c2\u00a0 \u00c2\u00a0 \u00c2\u00a0 \u00c2\u00a0 \u00c2\u00a0 \u00c2\u00a0 \u00c2\u00a0 \u00c2\u00a0 \u00c2\u00a0 \u00c2\u00a0 \u00c2\u00a0 \u00c2\u00a0 \u00c2\u00a0 \u00c2\u00a0 \u00c2\u00a0 \u00c2\u00a0 [&hellip;]<\/p>\n","protected":false},"featured_media":982,"comment_status":"open","ping_status":"closed","template":"","meta":[],"product_brand":[],"product_cat":[],"product_tag":[],"class_list":{"0":"post-975","1":"product","2":"type-product","3":"status-publish","4":"has-post-thumbnail","6":"pa_couleur-light-blue","7":"pa_taille-s","8":"pa_taille-l","9":"pa_taille-m","10":"pa_taille-xxl","11":"pa_taille-xl","13":"first","14":"instock","15":"shipping-taxable","16":"purchasable","17":"product-type-variable"},"_links":{"self":[{"href":"https:\/\/orientlook.com\/index.php\/wp-json\/wp\/v2\/product\/975","targetHints":{"allow":["GET"]}}],"collection":[{"href":"https:\/\/orientlook.com\/index.php\/wp-json\/wp\/v2\/product"}],"about":[{"href":"https:\/\/orientlook.com\/index.php\/wp-json\/wp\/v2\/types\/product"}],"replies":[{"embeddable":true,"href":"https:\/\/orientlook.com\/index.php\/wp-json\/wp\/v2\/comments?post=975"}],"wp:featuredmedia":[{"embeddable":true,"href":"https:\/\/orientlook.com\/index.php\/wp-json\/wp\/v2\/media\/982"}],"wp:attachment":[{"href":"https:\/\/orientlook.com\/index.php\/wp-json\/wp\/v2\/media?parent=975"}],"wp:term":[{"taxonomy":"product_brand","embeddable":true,"href":"https:\/\/orientlook.com\/index.php\/wp-json\/wp\/v2\/product_brand?post=975"},{"taxonomy":"product_cat","embeddable":true,"href":"https:\/\/orientlook.com\/index.php\/wp-json\/wp\/v2\/product_cat?post=975"},{"taxonomy":"product_tag","embeddable":true,"href":"https:\/\/orientlook.com\/index.php\/wp-json\/wp\/v2\/product_tag?post=975"}],"curies":[{"name":"wp","href":"https:\/\/api.w.org\/{rel}","templated":true}]}}