{"id":949,"date":"2026-04-11T16:49:36","date_gmt":"2026-04-11T16:49:36","guid":{"rendered":"https:\/\/orientlook.com\/?post_type=product&#038;p=949"},"modified":"2026-04-11T16:49:36","modified_gmt":"2026-04-11T16:49:36","slug":"robe-ethnique-musulmane-taille-haute-elegante-coupe-cintree-pour-femmes-bangladesh-turquie-abaya-dubai-manches-longues-vetements-islamiques","status":"publish","type":"product","link":"https:\/\/orientlook.com\/index.php\/product\/robe-ethnique-musulmane-taille-haute-elegante-coupe-cintree-pour-femmes-bangladesh-turquie-abaya-dubai-manches-longues-vetements-islamiques\/","title":{"rendered":"Robe ethnique musulmane taille haute, \u00e9l\u00e9gante, coupe cintr\u00e9e, pour femmes, Bangladesh, turquie, Abaya, duba\u00ef, manches longues, v\u00eatements islamiques"},"content":{"rendered":"<div class=\"detailmodule_html\">\n<div class=\"detail-desc-decorate-richtext\">\n<div class=\"detailmodule_html\">\n<div class=\"detail-desc-decorate-richtext\">\n<div>\u00c2\u00a0<\/div>\n<div>\u00c2\u00a0<\/div>\n<div style=\"text-align: center;\" align=\"center\"><span id=\"tl_1\" style=\"font-size: 36px;\"><img decoding=\"async\" src=\"https:\/\/ae01.alicdn.com\/kf\/Sfe7d39fa69f5497181c90f44ae5a8badk.jpg?width=901&amp;height=363&amp;hash=1264\" alt=\"undefined\" width=\"790\" height=\"318.2796892341843\" data-id=\"ckeditor_img44\" \/><\/span><\/div>\n<p>\u00c2\u00a0<\/p>\n<div>\n<div>\n<p style=\"line-height: 1.5; text-align: center; margin: 0px; padding: 0px;\" align=\"center\"><img decoding=\"async\" src=\"https:\/\/ae03.alicdn.com\/kf\/Sadf79655ce9d4fc293280e1823cbec36d.jpg\" width=\"790\" data-id=\"ckeditor_img45\" \/><img decoding=\"async\" src=\"https:\/\/ae03.alicdn.com\/kf\/Sd743789ba2b7495d8409c5d9fbbc9190Q.jpg\" width=\"790\" data-id=\"ckeditor_img46\" \/><img decoding=\"async\" src=\"https:\/\/ae03.alicdn.com\/kf\/Sb81b6cbbabca41488b0bd8b77a2adedez.jpg\" width=\"790\" data-id=\"ckeditor_img47\" \/><img decoding=\"async\" src=\"https:\/\/ae03.alicdn.com\/kf\/Sbd8b94a7e11c4bd4a9f3c7e8d18b1e52W.jpg\" width=\"790\" data-id=\"ckeditor_img48\" \/><img decoding=\"async\" src=\"https:\/\/ae03.alicdn.com\/kf\/Se287686c17b54492ae10d98ea4fbc9e8V.jpg\" width=\"790\" data-id=\"ckeditor_img49\" \/><img decoding=\"async\" src=\"https:\/\/ae03.alicdn.com\/kf\/Se93a305fcf794d47b31d07331925fe2eB.jpg\" width=\"790\" data-id=\"ckeditor_img50\" \/><\/p>\n<\/div>\n<\/div>\n<\/div>\n<\/div>\n<\/div>\n<\/div>\n<p><img decoding=\"async\" class=\"img-responsive\" src=\"\/\/ae01.alicdn.com\/kf\/Sfe7d39fa69f5497181c90f44ae5a8badk.jpg\" \/><img decoding=\"async\" class=\"img-responsive\" src=\"\/\/ae03.alicdn.com\/kf\/Sadf79655ce9d4fc293280e1823cbec36d.jpg\" \/><img decoding=\"async\" class=\"img-responsive\" src=\"\/\/ae03.alicdn.com\/kf\/Sd743789ba2b7495d8409c5d9fbbc9190Q.jpg\" \/><img decoding=\"async\" class=\"img-responsive\" src=\"\/\/ae03.alicdn.com\/kf\/Sb81b6cbbabca41488b0bd8b77a2adedez.jpg\" \/><img decoding=\"async\" class=\"img-responsive\" src=\"\/\/ae03.alicdn.com\/kf\/Sbd8b94a7e11c4bd4a9f3c7e8d18b1e52W.jpg\" \/><img decoding=\"async\" class=\"img-responsive\" src=\"\/\/ae03.alicdn.com\/kf\/Se287686c17b54492ae10d98ea4fbc9e8V.jpg\" \/><img decoding=\"async\" class=\"img-responsive\" src=\"\/\/ae03.alicdn.com\/kf\/Se93a305fcf794d47b31d07331925fe2eB.jpg\" \/><\/p><\/p>\n","protected":false},"excerpt":{"rendered":"<p>\u00c2\u00a0 \u00c2\u00a0 \u00c2\u00a0<\/p>\n","protected":false},"featured_media":950,"comment_status":"open","ping_status":"closed","template":"","meta":[],"product_brand":[],"product_cat":[],"product_tag":[],"class_list":{"0":"post-949","1":"product","2":"type-product","3":"status-publish","4":"has-post-thumbnail","6":"pa_couleur-blue","7":"pa_couleur-red","8":"pa_taille-s","9":"pa_taille-l","10":"pa_taille-m","11":"pa_taille-xxl","12":"pa_taille-xl","14":"first","15":"instock","16":"shipping-taxable","17":"purchasable","18":"product-type-variable"},"_links":{"self":[{"href":"https:\/\/orientlook.com\/index.php\/wp-json\/wp\/v2\/product\/949","targetHints":{"allow":["GET"]}}],"collection":[{"href":"https:\/\/orientlook.com\/index.php\/wp-json\/wp\/v2\/product"}],"about":[{"href":"https:\/\/orientlook.com\/index.php\/wp-json\/wp\/v2\/types\/product"}],"replies":[{"embeddable":true,"href":"https:\/\/orientlook.com\/index.php\/wp-json\/wp\/v2\/comments?post=949"}],"wp:featuredmedia":[{"embeddable":true,"href":"https:\/\/orientlook.com\/index.php\/wp-json\/wp\/v2\/media\/950"}],"wp:attachment":[{"href":"https:\/\/orientlook.com\/index.php\/wp-json\/wp\/v2\/media?parent=949"}],"wp:term":[{"taxonomy":"product_brand","embeddable":true,"href":"https:\/\/orientlook.com\/index.php\/wp-json\/wp\/v2\/product_brand?post=949"},{"taxonomy":"product_cat","embeddable":true,"href":"https:\/\/orientlook.com\/index.php\/wp-json\/wp\/v2\/product_cat?post=949"},{"taxonomy":"product_tag","embeddable":true,"href":"https:\/\/orientlook.com\/index.php\/wp-json\/wp\/v2\/product_tag?post=949"}],"curies":[{"name":"wp","href":"https:\/\/api.w.org\/{rel}","templated":true}]}}