{"id":744,"date":"2026-04-11T16:43:36","date_gmt":"2026-04-11T16:43:36","guid":{"rendered":"https:\/\/orientlook.com\/?post_type=product&#038;p=744"},"modified":"2026-04-11T16:43:36","modified_gmt":"2026-04-11T16:43:36","slug":"robes-modestes-pour-femmes-musulmanes-pour-laid-robe-de-priere-djellaba-abaya-a-capuche-kaftan-de-dubai-robe-arabe-ramadan-islam-jalabiya-burqa-caftan","status":"publish","type":"product","link":"https:\/\/orientlook.com\/index.php\/product\/robes-modestes-pour-femmes-musulmanes-pour-laid-robe-de-priere-djellaba-abaya-a-capuche-kaftan-de-dubai-robe-arabe-ramadan-islam-jalabiya-burqa-caftan\/","title":{"rendered":"Robes modestes pour femmes musulmanes pour l&#8217;A\u00efd, robe de pri\u00e8re, djellaba, abaya \u00e0 capuche, kaftan de Duba\u00ef, robe arabe, Ramadan, Islam, jalabiya, burqa, caftan"},"content":{"rendered":"<div class=\"detailmodule_html\">\n<div class=\"detail-desc-decorate-richtext\">\n<div class=\"detailmodule_html\">\n<div class=\"detail-desc-decorate-richtext\">\n<div id=\"tl_1\">\u00c2\u00a0<\/div>\n<div style=\"width: 790px;\"><img decoding=\"async\" style=\"display: block; width: 100%; height: auto;\" src=\"https:\/\/ae01.alicdn.com\/kf\/Sa916fefd17ed44858177df5c1a9ebd38k.jpg?width=1024&amp;height=1024&amp;hash=2048\" usemap=\"#_sdmap_1\" width=\"100%\" height=\"auto\" \/><\/p>\n<p><img decoding=\"async\" style=\"display: block; width: 100%; height: auto;\" src=\"https:\/\/ae01.alicdn.com\/kf\/S76a2d275ffc54b10a846cbf65f7dfdd57.jpg?width=1024&amp;height=1024&amp;hash=2048\" usemap=\"#_sdmap_2\" width=\"100%\" height=\"auto\" \/><\/p>\n<p><img decoding=\"async\" style=\"display: block; width: 100%; height: auto;\" src=\"https:\/\/ae01.alicdn.com\/kf\/S53f92e8443424ed1b239eae4151a38d9Z.jpg?width=1024&amp;height=1024&amp;hash=2048\" usemap=\"#_sdmap_3\" width=\"100%\" height=\"auto\" \/><\/p>\n<p><img decoding=\"async\" style=\"display: block; width: 100%; height: auto;\" src=\"https:\/\/ae01.alicdn.com\/kf\/Sf9b868ecdf784d1f91fa267342864214h.jpg\" usemap=\"#_sdmap_4\" width=\"100%\" height=\"auto\" \/><br \/><img decoding=\"async\" style=\"display: block; width: 100%; height: auto;\" src=\"https:\/\/ae01.alicdn.com\/kf\/Sbacaef3e2e1e4412b3fe07f025de4729y.jpg?width=1024&amp;height=1024&amp;hash=2048\" usemap=\"#_sdmap_5\" width=\"100%\" height=\"auto\" \/><br \/><img decoding=\"async\" style=\"display: block; width: 100%; height: auto;\" src=\"https:\/\/ae01.alicdn.com\/kf\/S711d06fa3b094b4e983acc8b05ba0d5ap.jpg?width=1024&amp;height=1024&amp;hash=2048\" usemap=\"#_sdmap_6\" width=\"100%\" height=\"auto\" \/><br \/><img decoding=\"async\" style=\"display: block; width: 100%; height: auto;\" src=\"https:\/\/ae01.alicdn.com\/kf\/S2195b2b6100641e5affdb0f9ff35822ek.jpg?width=1024&amp;height=1024&amp;hash=2048\" usemap=\"#_sdmap_7\" width=\"100%\" height=\"auto\" \/><br \/><img decoding=\"async\" style=\"display: block; width: 100%; height: auto;\" src=\"https:\/\/ae01.alicdn.com\/kf\/S57b22aff1d7b419fa92503b9e7ffab3bB.jpg\" usemap=\"#_sdmap_8\" width=\"100%\" height=\"auto\" \/><br \/><img decoding=\"async\" style=\"display: block; width: 100%; height: auto;\" src=\"https:\/\/ae01.alicdn.com\/kf\/S1007a163e70e44318d1321e221e22f85E.jpg?width=906&amp;height=906&amp;hash=1812\" usemap=\"#_sdmap_9\" width=\"100%\" height=\"auto\" \/><br \/><img decoding=\"async\" style=\"display: block; width: 100%; height: auto;\" src=\"https:\/\/ae01.alicdn.com\/kf\/S99b2210d24364410996fef13b5f1757ab.jpg?width=843&amp;height=843&amp;hash=1686\" usemap=\"#_sdmap_10\" width=\"100%\" height=\"auto\" \/><br \/><img decoding=\"async\" style=\"display: block; width: 100%; height: auto;\" src=\"https:\/\/ae01.alicdn.com\/kf\/S97581e6abc0e4927b738b8d67d529067v.jpg?width=750&amp;height=750&amp;hash=1500\" usemap=\"#_sdmap_11\" width=\"100%\" height=\"auto\" \/><br \/><img decoding=\"async\" style=\"display: block; width: 100%; height: auto;\" src=\"https:\/\/ae01.alicdn.com\/kf\/S92a8ad0637504fdcb78c779bb98f94acx.jpg?width=836&amp;height=836&amp;hash=1672\" usemap=\"#_sdmap_12\" width=\"100%\" height=\"auto\" \/><br \/><img decoding=\"async\" style=\"display: block; width: 100%; height: auto;\" src=\"https:\/\/ae01.alicdn.com\/kf\/S8e6cedb833fb4671a677cd4e94bda45eO.jpg?width=838&amp;height=838&amp;hash=1676\" usemap=\"#_sdmap_14\" width=\"100%\" height=\"auto\" \/><br \/><img decoding=\"async\" style=\"display: block; width: 100%; height: auto;\" src=\"https:\/\/ae01.alicdn.com\/kf\/Sc54d64a00bd4445caa22973f60b1f6cdZ.jpg?width=827&amp;height=827&amp;hash=1654\" usemap=\"#_sdmap_17\" width=\"100%\" height=\"auto\" \/><br \/><img decoding=\"async\" style=\"display: block; width: 100%; height: auto;\" src=\"https:\/\/ae01.alicdn.com\/kf\/S97df8db76ff0479da431bf06502f7aa2k.jpg?width=911&amp;height=911&amp;hash=1822\" usemap=\"#_sdmap_19\" width=\"100%\" height=\"auto\" \/><br \/><img decoding=\"async\" style=\"display: block; width: 100%; height: auto;\" src=\"https:\/\/ae01.alicdn.com\/kf\/Sa31b139f2bef43a5a43bf954b35a6f91T.jpg?width=913&amp;height=913&amp;hash=1826\" usemap=\"#_sdmap_20\" width=\"100%\" height=\"auto\" \/><br \/><img decoding=\"async\" style=\"display: block; width: 100%; height: auto;\" src=\"https:\/\/ae01.alicdn.com\/kf\/Sd55e9674bf614b32aebf931c2e0dba74Z.jpg?width=930&amp;height=930&amp;hash=1860\" usemap=\"#_sdmap_21\" width=\"100%\" height=\"auto\" \/><br \/><img decoding=\"async\" style=\"display: block; width: 100%; height: auto;\" src=\"https:\/\/ae01.alicdn.com\/kf\/Saeb9f73315f94a1dbebff20e2a63992dW.jpg\" usemap=\"#_sdmap_24\" width=\"100%\" height=\"auto\" \/><br \/><img decoding=\"async\" style=\"display: block; width: 100%; height: auto;\" src=\"https:\/\/ae01.alicdn.com\/kf\/S04362f8370ac471388af2e5c0f026386j.jpg?width=919&amp;height=919&amp;hash=1838\" usemap=\"#_sdmap_27\" width=\"100%\" height=\"auto\" \/><br \/><img decoding=\"async\" style=\"display: block; width: 100%; height: auto;\" src=\"https:\/\/ae01.alicdn.com\/kf\/Sc5be2123a898475db13177c704018e39I.jpg\" usemap=\"#_sdmap_29\" width=\"100%\" height=\"auto\" \/><br \/><img decoding=\"async\" style=\"display: block; width: 100%; height: auto;\" src=\"https:\/\/ae01.alicdn.com\/kf\/S53b10c3a585742c582e8425cec46faf7r.jpg?width=922&amp;height=922&amp;hash=1844\" usemap=\"#_sdmap_30\" width=\"100%\" height=\"auto\" \/><\/div>\n<\/div>\n<\/div>\n<p>\u00c2\u00a0<\/p>\n<\/div>\n<\/div>\n<p><img decoding=\"async\" class=\"img-responsive\" src=\"\/\/ae01.alicdn.com\/kf\/S7685eb35703b45c1bd24e62e58ad9f7cA.jpg\" \/><img decoding=\"async\" class=\"img-responsive\" src=\"\/\/ae01.alicdn.com\/kf\/Saa144aeca7384a378700ebb9a04933a13.jpg\" \/><img decoding=\"async\" class=\"img-responsive\" src=\"\/\/ae01.alicdn.com\/kf\/S94138b82151e46c98a1678a2534c001fw.jpg\" \/><img decoding=\"async\" class=\"img-responsive\" src=\"\/\/ae01.alicdn.com\/kf\/Scaf3af59d2f149ba8b108d69755fb77aE.jpg\" \/><img decoding=\"async\" class=\"img-responsive\" src=\"\/\/ae01.alicdn.com\/kf\/S7bc18ed7daac4ab7a2106aff3dfacbdcT.jpg\" \/><img decoding=\"async\" class=\"img-responsive\" src=\"\/\/ae01.alicdn.com\/kf\/Sada4f73d83314a28b127e0049c6a3ea03.jpg\" \/><img decoding=\"async\" class=\"img-responsive\" src=\"\/\/ae01.alicdn.com\/kf\/S1f22a82ab29f415c9d2d1364d3ab8ae32.jpg\" \/><img decoding=\"async\" class=\"img-responsive\" src=\"\/\/ae01.alicdn.com\/kf\/S20c5917c0cc845b4a8805db866499673A.jpg\" \/><img decoding=\"async\" class=\"img-responsive\" src=\"\/\/ae01.alicdn.com\/kf\/S16ecf8599c304a7ba4e7c6bcdecfc939W.jpg\" \/><img decoding=\"async\" class=\"img-responsive\" src=\"\/\/ae01.alicdn.com\/kf\/S06f731ed6d8d4c4c8d19e0146d69aabbP.jpg\" \/><img decoding=\"async\" class=\"img-responsive\" src=\"\/\/ae01.alicdn.com\/kf\/Sa7f55497540742c6bf86fd6795302a27o.jpg\" \/><img decoding=\"async\" class=\"img-responsive\" src=\"\/\/ae01.alicdn.com\/kf\/Sc323114980494b42adbd5a81eec80858M.jpg\" \/><img decoding=\"async\" class=\"img-responsive\" src=\"\/\/ae01.alicdn.com\/kf\/Sa90728bac85246a7845d5be346600f17D.jpg\" \/><img decoding=\"async\" class=\"img-responsive\" src=\"\/\/ae01.alicdn.com\/kf\/S739ce0903cf042a08a7883171244bceet.jpg\" \/><img decoding=\"async\" class=\"img-responsive\" src=\"\/\/ae01.alicdn.com\/kf\/S060386fe83914eab82386bc882e1ff454.jpg\" \/><img decoding=\"async\" class=\"img-responsive\" src=\"\/\/ae01.alicdn.com\/kf\/S4c5586323daf4a158eff7b77257b5b9dq.jpg\" \/><img decoding=\"async\" class=\"img-responsive\" src=\"\/\/ae01.alicdn.com\/kf\/S78649abbd1bf412a902cffd8d80f47ee6.jpg\" \/><\/p><\/p>\n","protected":false},"excerpt":{"rendered":"<p>\u00c2\u00a0 \u00c2\u00a0<\/p>\n","protected":false},"featured_media":757,"comment_status":"open","ping_status":"closed","template":"","meta":[],"product_brand":[],"product_cat":[],"product_tag":[],"class_list":{"0":"post-744","1":"product","2":"type-product","3":"status-publish","4":"has-post-thumbnail","6":"pa_couleur-noir","7":"pa_couleur-caramel","8":"pa_couleur-bleu","9":"pa_couleur-apricot","10":"pa_couleur-royal-blue","11":"pa_couleur-grey","12":"pa_couleur-light-purple","13":"pa_couleur-blanc","14":"pa_taille-taille-unique","16":"first","17":"instock","18":"shipping-taxable","19":"purchasable","20":"product-type-variable"},"_links":{"self":[{"href":"https:\/\/orientlook.com\/index.php\/wp-json\/wp\/v2\/product\/744","targetHints":{"allow":["GET"]}}],"collection":[{"href":"https:\/\/orientlook.com\/index.php\/wp-json\/wp\/v2\/product"}],"about":[{"href":"https:\/\/orientlook.com\/index.php\/wp-json\/wp\/v2\/types\/product"}],"replies":[{"embeddable":true,"href":"https:\/\/orientlook.com\/index.php\/wp-json\/wp\/v2\/comments?post=744"}],"wp:featuredmedia":[{"embeddable":true,"href":"https:\/\/orientlook.com\/index.php\/wp-json\/wp\/v2\/media\/757"}],"wp:attachment":[{"href":"https:\/\/orientlook.com\/index.php\/wp-json\/wp\/v2\/media?parent=744"}],"wp:term":[{"taxonomy":"product_brand","embeddable":true,"href":"https:\/\/orientlook.com\/index.php\/wp-json\/wp\/v2\/product_brand?post=744"},{"taxonomy":"product_cat","embeddable":true,"href":"https:\/\/orientlook.com\/index.php\/wp-json\/wp\/v2\/product_cat?post=744"},{"taxonomy":"product_tag","embeddable":true,"href":"https:\/\/orientlook.com\/index.php\/wp-json\/wp\/v2\/product_tag?post=744"}],"curies":[{"name":"wp","href":"https:\/\/api.w.org\/{rel}","templated":true}]}}