{"id":71,"date":"2026-04-11T16:24:41","date_gmt":"2026-04-11T16:24:41","guid":{"rendered":"https:\/\/orientlook.com\/?post_type=product&#038;p=71"},"modified":"2026-04-11T16:24:42","modified_gmt":"2026-04-11T16:24:42","slug":"robes-musulmanes-pour-femmes-couleur-unie-peluche-cordon-de-serrage-ample-decontracte-poche-sweat-a-capuche-a-manches-longues-mode-islam-vetements-s-3xl","status":"publish","type":"product","link":"https:\/\/orientlook.com\/index.php\/product\/robes-musulmanes-pour-femmes-couleur-unie-peluche-cordon-de-serrage-ample-decontracte-poche-sweat-a-capuche-a-manches-longues-mode-islam-vetements-s-3xl\/","title":{"rendered":"Robes musulmanes pour femmes, couleur unie, peluche, cordon de serrage, ample, d\u00e9contract\u00e9, poche, sweat \u00e0 capuche \u00e0 manches longues, mode Islam, v\u00eatements \ufeff S-3XL"},"content":{"rendered":"<div class=\"detailmodule_html\">\n<div class=\"detail-desc-decorate-richtext\">\n<div id=\"offer-template-0\" style=\"text-align: center;\"><img decoding=\"async\" referrerpolicy=\"no-referrer\" src=\"https:\/\/ae01.alicdn.com\/kf\/S15d5158344724891bd3b8331ff595cf6y.jpg?width=581&#038;height=387&#038;hash=968\"><br \/>\n<img decoding=\"async\" referrerpolicy=\"no-referrer\" src=\"https:\/\/ae01.alicdn.com\/kf\/S8ed0fdb397174f9cba18209b61132eefg.jpg\"><img decoding=\"async\" referrerpolicy=\"no-referrer\" src=\"https:\/\/ae01.alicdn.com\/kf\/S5948c9f7067547498919a81eb149df0eZ.jpg\"><img decoding=\"async\" referrerpolicy=\"no-referrer\" src=\"https:\/\/ae01.alicdn.com\/kf\/S1b85898382dd4224ba7a041645c059f0k.jpg\"><img decoding=\"async\" referrerpolicy=\"no-referrer\" src=\"https:\/\/ae01.alicdn.com\/kf\/Se36e21d658034d5aa147caee24ea74bcW.jpg\"><img decoding=\"async\" referrerpolicy=\"no-referrer\" src=\"https:\/\/ae01.alicdn.com\/kf\/Sdb322894c4bd42629352c32dab643e0d9.jpg?width=800&#038;height=800&#038;hash=1600\"><img decoding=\"async\" referrerpolicy=\"no-referrer\" src=\"https:\/\/ae01.alicdn.com\/kf\/Sba3369bd0aa84b449e7dcdc8b9d97030P.jpg?width=800&#038;height=800&#038;hash=1600\"><img decoding=\"async\" referrerpolicy=\"no-referrer\" src=\"https:\/\/ae01.alicdn.com\/kf\/Se37f528f2d4b45b2a4ce4d73ede6c39aL.jpg?width=800&#038;height=800&#038;hash=1600\"><\/div>\n<\/div>\n<\/div>\n<p><img decoding=\"async\" class=\"img-responsive\" src=\"\/\/ae01.alicdn.com\/kf\/S15d5158344724891bd3b8331ff595cf6y.jpg?has_lang=1&#038;ver=1\"\/><img decoding=\"async\" class=\"img-responsive\" src=\"\/\/ae01.alicdn.com\/kf\/Sdb322894c4bd42629352c32dab643e0d9.jpg\"\/><img decoding=\"async\" class=\"img-responsive\" src=\"\/\/ae01.alicdn.com\/kf\/Sba3369bd0aa84b449e7dcdc8b9d97030P.jpg\"\/><img decoding=\"async\" class=\"img-responsive\" src=\"\/\/ae01.alicdn.com\/kf\/Se37f528f2d4b45b2a4ce4d73ede6c39aL.jpg\"\/><\/p>\n","protected":false},"excerpt":{"rendered":"","protected":false},"featured_media":72,"comment_status":"open","ping_status":"closed","template":"","meta":[],"product_brand":[],"product_cat":[],"product_tag":[],"class_list":{"0":"post-71","1":"product","2":"type-product","3":"status-publish","4":"has-post-thumbnail","6":"pa_couleur-gris","7":"pa_couleur-noir","8":"pa_couleur-vert-armee","9":"pa_taille-s","10":"pa_taille-l","11":"pa_taille-m","12":"pa_taille-xxl","13":"pa_taille-xl","14":"pa_taille-xxxl","16":"first","17":"instock","18":"shipping-taxable","19":"purchasable","20":"product-type-variable"},"_links":{"self":[{"href":"https:\/\/orientlook.com\/index.php\/wp-json\/wp\/v2\/product\/71","targetHints":{"allow":["GET"]}}],"collection":[{"href":"https:\/\/orientlook.com\/index.php\/wp-json\/wp\/v2\/product"}],"about":[{"href":"https:\/\/orientlook.com\/index.php\/wp-json\/wp\/v2\/types\/product"}],"replies":[{"embeddable":true,"href":"https:\/\/orientlook.com\/index.php\/wp-json\/wp\/v2\/comments?post=71"}],"wp:featuredmedia":[{"embeddable":true,"href":"https:\/\/orientlook.com\/index.php\/wp-json\/wp\/v2\/media\/72"}],"wp:attachment":[{"href":"https:\/\/orientlook.com\/index.php\/wp-json\/wp\/v2\/media?parent=71"}],"wp:term":[{"taxonomy":"product_brand","embeddable":true,"href":"https:\/\/orientlook.com\/index.php\/wp-json\/wp\/v2\/product_brand?post=71"},{"taxonomy":"product_cat","embeddable":true,"href":"https:\/\/orientlook.com\/index.php\/wp-json\/wp\/v2\/product_cat?post=71"},{"taxonomy":"product_tag","embeddable":true,"href":"https:\/\/orientlook.com\/index.php\/wp-json\/wp\/v2\/product_tag?post=71"}],"curies":[{"name":"wp","href":"https:\/\/api.w.org\/{rel}","templated":true}]}}