{"id":581,"date":"2026-04-11T16:39:58","date_gmt":"2026-04-11T16:39:58","guid":{"rendered":"https:\/\/orientlook.com\/?post_type=product&#038;p=581"},"modified":"2026-04-11T16:39:58","modified_gmt":"2026-04-11T16:39:58","slug":"islam-djellaba-femmes-robe-a-capuche-eid-ramadan-musulman-priere-vetement-vetements-arabe-robe-abaya-caftan-burqa-caftan-dubai-abayas","status":"publish","type":"product","link":"https:\/\/orientlook.com\/index.php\/product\/islam-djellaba-femmes-robe-a-capuche-eid-ramadan-musulman-priere-vetement-vetements-arabe-robe-abaya-caftan-burqa-caftan-dubai-abayas\/","title":{"rendered":"Islam Djellaba femmes Robe \u00e0 capuche Eid Ramadan musulman pri\u00e8re v\u00eatement v\u00eatements arabe Robe Abaya caftan Burqa Caftan duba\u00ef Abayas"},"content":{"rendered":"<div class=\"detailmodule_html\">\n<div class=\"detail-desc-decorate-richtext\"><img decoding=\"async\" src=\"https:\/\/ae01.alicdn.com\/kf\/S8ae588b12934484e9f479982fae34b0ah.png\" \/> <br \/><img decoding=\"async\" src=\"https:\/\/ae01.alicdn.com\/kf\/S00aad49f7d504ee5989b8f50fb49fc81a.jpg\" \/> <br \/><img decoding=\"async\" src=\"https:\/\/ae01.alicdn.com\/kf\/S3845a40cdf05465ebdd62f6418b981261.jpg\" \/> <br \/><img decoding=\"async\" src=\"https:\/\/ae01.alicdn.com\/kf\/S038390c736c447efb5fdb3fb971b02fcf.jpg\" \/> <br \/><img decoding=\"async\" src=\"https:\/\/ae01.alicdn.com\/kf\/S71c7b2b5a69d483192649a75d8bc9a364.jpg\" \/> <br \/><img decoding=\"async\" src=\"https:\/\/ae01.alicdn.com\/kf\/S72ca68bdacb340a49ab415dd56d182eau.jpg\" \/> <br \/><img decoding=\"async\" src=\"https:\/\/ae01.alicdn.com\/kf\/Sb4415978bd6f4df0b0fa2fe6a189696bd.jpg\" \/> <br \/><img decoding=\"async\" src=\"https:\/\/ae01.alicdn.com\/kf\/Se5498f89e0a74f93a356b66b7d1f3bdcx.jpg\" \/><\/div>\n<\/div>\n<p><img decoding=\"async\" class=\"img-responsive\" src=\"\/\/ae01.alicdn.com\/kf\/S8ae588b12934484e9f479982fae34b0ah.png\" \/><img decoding=\"async\" class=\"img-responsive\" src=\"\/\/ae01.alicdn.com\/kf\/S414920e5e6e04f388ecff6df1f7aed38g.jpg\" \/><img decoding=\"async\" class=\"img-responsive\" src=\"\/\/ae01.alicdn.com\/kf\/S6dd80345ef9f49e8ae0145904e35f766h.jpg\" \/><img decoding=\"async\" class=\"img-responsive\" src=\"\/\/ae01.alicdn.com\/kf\/Sd044245379804ec69759e5ff61b1081av.jpg\" \/><img decoding=\"async\" class=\"img-responsive\" src=\"\/\/ae01.alicdn.com\/kf\/S75b298f0404e4a98bd77cb02cd8f4816M.jpg\" \/><img decoding=\"async\" class=\"img-responsive\" src=\"\/\/ae01.alicdn.com\/kf\/S5dbd6415769f4d209031821cb7495c40I.jpg\" \/><img decoding=\"async\" class=\"img-responsive\" src=\"\/\/ae01.alicdn.com\/kf\/S6f567a344311427d9b42069dc133c400J.jpg\" \/><img decoding=\"async\" class=\"img-responsive\" src=\"\/\/ae01.alicdn.com\/kf\/S6a5e795452e0438ca1cb39b8df261e0bc.jpg\" \/><\/p><\/p>\n","protected":false},"excerpt":{"rendered":"","protected":false},"featured_media":582,"comment_status":"open","ping_status":"closed","template":"","meta":[],"product_brand":[],"product_cat":[],"product_tag":[],"class_list":{"0":"post-581","1":"product","2":"type-product","3":"status-publish","4":"has-post-thumbnail","6":"pa_couleur-69","7":"pa_couleur-70","8":"pa_couleur-71","9":"pa_couleur-72","10":"pa_couleur-73","11":"pa_couleur-74","12":"pa_taille-s","13":"pa_taille-l","14":"pa_taille-m","16":"first","17":"instock","18":"shipping-taxable","19":"purchasable","20":"product-type-variable"},"_links":{"self":[{"href":"https:\/\/orientlook.com\/index.php\/wp-json\/wp\/v2\/product\/581","targetHints":{"allow":["GET"]}}],"collection":[{"href":"https:\/\/orientlook.com\/index.php\/wp-json\/wp\/v2\/product"}],"about":[{"href":"https:\/\/orientlook.com\/index.php\/wp-json\/wp\/v2\/types\/product"}],"replies":[{"embeddable":true,"href":"https:\/\/orientlook.com\/index.php\/wp-json\/wp\/v2\/comments?post=581"}],"wp:featuredmedia":[{"embeddable":true,"href":"https:\/\/orientlook.com\/index.php\/wp-json\/wp\/v2\/media\/582"}],"wp:attachment":[{"href":"https:\/\/orientlook.com\/index.php\/wp-json\/wp\/v2\/media?parent=581"}],"wp:term":[{"taxonomy":"product_brand","embeddable":true,"href":"https:\/\/orientlook.com\/index.php\/wp-json\/wp\/v2\/product_brand?post=581"},{"taxonomy":"product_cat","embeddable":true,"href":"https:\/\/orientlook.com\/index.php\/wp-json\/wp\/v2\/product_cat?post=581"},{"taxonomy":"product_tag","embeddable":true,"href":"https:\/\/orientlook.com\/index.php\/wp-json\/wp\/v2\/product_tag?post=581"}],"curies":[{"name":"wp","href":"https:\/\/api.w.org\/{rel}","templated":true}]}}