{"id":430,"date":"2026-04-11T16:36:52","date_gmt":"2026-04-11T16:36:52","guid":{"rendered":"https:\/\/orientlook.com\/?post_type=product&#038;p=430"},"modified":"2026-04-11T16:36:52","modified_gmt":"2026-04-11T16:36:52","slug":"robes-musulmanes-en-deux-pieces-pour-femmes-kaftan-marocain-brode-jalabiya-abayas-ouvertes-pour-le-ramadan-dubai-vestidos-islamiques-cardigan-robe","status":"publish","type":"product","link":"https:\/\/orientlook.com\/index.php\/product\/robes-musulmanes-en-deux-pieces-pour-femmes-kaftan-marocain-brode-jalabiya-abayas-ouvertes-pour-le-ramadan-dubai-vestidos-islamiques-cardigan-robe\/","title":{"rendered":"Robes musulmanes en deux pi\u00e8ces pour femmes, kaftan marocain brod\u00e9, jalabiya, abayas ouvertes pour le Ramadan, Duba\u00ef, vestidos islamiques, cardigan, robe"},"content":{"rendered":"<div class=\"detailmodule_html\">\n<div class=\"detail-desc-decorate-richtext\">\n<div class=\"detailmodule_html\">\n<div class=\"detail-desc-decorate-richtext\">\n<p><img decoding=\"async\" src=\"https:\/\/ae01.alicdn.com\/kf\/S0c11fd9cb5314aab9bf1c1922834497di.jpg?width=1014&amp;height=515&amp;hash=1529\" \/><img decoding=\"async\" src=\"https:\/\/ae01.alicdn.com\/kf\/S053721e03007499cb4698f00c1c0c9bf1.jpg?width=800&amp;height=800&amp;hash=1600\" \/><img decoding=\"async\" src=\"https:\/\/ae01.alicdn.com\/kf\/Sad02cbfe92444d6f86501cf7940dd3d4e.jpg?width=1340&amp;height=1785&amp;hash=3125\" \/><img decoding=\"async\" src=\"https:\/\/ae01.alicdn.com\/kf\/Se12aa8e02374460a88de95b68d1c0b68o.jpg?width=1340&amp;height=1785&amp;hash=3125\" \/><img decoding=\"async\" src=\"https:\/\/ae01.alicdn.com\/kf\/S36313900e0a84cbe90077c99a01e402aK.jpg?width=1340&amp;height=1785&amp;hash=3125\" \/><img decoding=\"async\" src=\"https:\/\/ae01.alicdn.com\/kf\/Sdfabebc3c2f1447eb12ccd62a757500fg.jpg?width=1340&amp;height=1785&amp;hash=3125\" \/><img decoding=\"async\" src=\"https:\/\/ae01.alicdn.com\/kf\/S79ed26d307a14094a4b427af2acab72eO.jpg?width=1340&amp;height=1785&amp;hash=3125\" \/><img decoding=\"async\" src=\"https:\/\/ae01.alicdn.com\/kf\/Sd8f293f82e354b06ad37539e64f6e0d37.jpg?width=1340&amp;height=1785&amp;hash=3125\" \/><img decoding=\"async\" src=\"https:\/\/ae01.alicdn.com\/kf\/S2e6871af5b1e413d9998560f6ab06c573.jpg?width=1340&amp;height=1785&amp;hash=3125\" \/><img decoding=\"async\" src=\"https:\/\/ae01.alicdn.com\/kf\/S0c0146a8dcba4340bc340aff799dc94dt.jpg?width=1340&amp;height=1785&amp;hash=3125\" \/><img decoding=\"async\" src=\"https:\/\/ae01.alicdn.com\/kf\/Sb0e9f0d032b24468ae88f499b347b4d8M.jpg?width=1340&amp;height=1785&amp;hash=3125\" \/><img decoding=\"async\" src=\"https:\/\/ae01.alicdn.com\/kf\/Sf9cd1563b38d45f09e8c326eb76dc1bb3.jpg?width=1340&amp;height=1785&amp;hash=3125\" \/><img decoding=\"async\" src=\"https:\/\/ae01.alicdn.com\/kf\/S9cd54152d3514865a878c65e45f7bd738.jpg?width=1340&amp;height=1785&amp;hash=3125\" \/><img decoding=\"async\" src=\"https:\/\/ae01.alicdn.com\/kf\/S545b152d70704975ab808282e2329450O.jpg?width=1340&amp;height=1785&amp;hash=3125\" \/><img decoding=\"async\" src=\"https:\/\/ae01.alicdn.com\/kf\/S4d485618c8bf48bc9d0655ddf0201333Y.jpg?width=1340&amp;height=1785&amp;hash=3125\" \/><img decoding=\"async\" src=\"https:\/\/ae01.alicdn.com\/kf\/Sf03e3a2f38684f9486ae09659fd79af9f.jpg?width=1340&amp;height=1785&amp;hash=3125\" \/><img decoding=\"async\" src=\"https:\/\/ae01.alicdn.com\/kf\/Se2d9a2afeeab43d583e50e05b7e3fd6dh.jpg?width=1340&amp;height=1785&amp;hash=3125\" \/><img decoding=\"async\" src=\"https:\/\/ae01.alicdn.com\/kf\/Saff7b1ccb8184fe2b90c088d9191f9c25.jpg?width=1340&amp;height=1785&amp;hash=3125\" \/><img decoding=\"async\" src=\"https:\/\/ae01.alicdn.com\/kf\/Sc243479b317d4d8d8f9d9e5a71eb52d1o.jpg?width=1340&amp;height=1785&amp;hash=3125\" \/><img decoding=\"async\" src=\"https:\/\/ae01.alicdn.com\/kf\/Sc60a0cebea17410594159f535d6b17b49.jpg?width=1340&amp;height=1785&amp;hash=3125\" \/><img decoding=\"async\" src=\"https:\/\/ae01.alicdn.com\/kf\/Sdda74aeeb137403d823c839de37576e2w.jpg?width=1440&amp;height=1919&amp;hash=3359\" \/><img decoding=\"async\" src=\"https:\/\/ae01.alicdn.com\/kf\/Sabcb14aaab0f4975be58d43d96ed8dab2.jpg?width=1440&amp;height=1919&amp;hash=3359\" \/><img decoding=\"async\" src=\"https:\/\/ae01.alicdn.com\/kf\/S79e33fca92ae415e86f113e8718bb0d5x.jpg?width=1440&amp;height=1919&amp;hash=3359\" \/><img decoding=\"async\" src=\"https:\/\/ae01.alicdn.com\/kf\/Se4f9d16cb2bd4e13af5cc15cb4f6dc0fY.jpg?width=1440&amp;height=1919&amp;hash=3359\" \/><img decoding=\"async\" src=\"https:\/\/ae01.alicdn.com\/kf\/Sf61969c7bcc440c9b5f133c297357a46U.jpg?width=1440&amp;height=1919&amp;hash=3359\" \/><img decoding=\"async\" src=\"https:\/\/ae01.alicdn.com\/kf\/S0e8457400faf46a4b933ac73ffbb87c2F.jpg?width=1440&amp;height=1919&amp;hash=3359\" \/><img decoding=\"async\" src=\"https:\/\/ae01.alicdn.com\/kf\/Sc5421bc1473048aa9a440d3c892d63cac.jpg?width=1440&amp;height=1919&amp;hash=3359\" \/><img decoding=\"async\" src=\"https:\/\/ae01.alicdn.com\/kf\/Scb8901fd29374d2092516c3241877bbaT.jpg?width=1920&amp;height=1440&amp;hash=3360\" \/><img decoding=\"async\" src=\"https:\/\/ae01.alicdn.com\/kf\/S8f642ede36cf45e1abc30434d31f490e5.jpg?width=1440&amp;height=1919&amp;hash=3359\" \/><img decoding=\"async\" src=\"https:\/\/ae01.alicdn.com\/kf\/S797721b534df4c999fa47baefcea341de.jpg?width=1440&amp;height=1919&amp;hash=3359\" \/><img decoding=\"async\" src=\"https:\/\/ae01.alicdn.com\/kf\/S9f99b1ebf1d046d49d03351c1ed80ccfO.jpg?width=1440&amp;height=1919&amp;hash=3359\" \/><img decoding=\"async\" src=\"https:\/\/ae01.alicdn.com\/kf\/S2b7e42288963498fa31109d32cc7c176u.jpg?width=1440&amp;height=1919&amp;hash=3359\" \/><img decoding=\"async\" src=\"https:\/\/ae01.alicdn.com\/kf\/S642dea8dfcba410d8bfe4830cda64fdc1.jpg?width=1920&amp;height=1440&amp;hash=3360\" \/><img decoding=\"async\" src=\"https:\/\/ae01.alicdn.com\/kf\/Sb1fd8abbfc8f4c84b6d0f173b56ab7dfU.jpg?width=1440&amp;height=1919&amp;hash=3359\" \/><img decoding=\"async\" src=\"https:\/\/ae01.alicdn.com\/kf\/S0785b41f69fb413d9270d82df5459a2dS.jpg?width=1440&amp;height=1919&amp;hash=3359\" \/><img decoding=\"async\" src=\"https:\/\/ae01.alicdn.com\/kf\/S23c5f363a0764c47b775f60d127652d0j.jpg?width=1440&amp;height=1919&amp;hash=3359\" \/><img decoding=\"async\" src=\"https:\/\/ae01.alicdn.com\/kf\/Sc9776c7c839347b79198fb1ecc818a579.jpg?width=1920&amp;height=1440&amp;hash=3360\" \/><img decoding=\"async\" src=\"https:\/\/ae01.alicdn.com\/kf\/S83bd06e926db4bdb8649f9a540e247c8p.jpg?width=1440&amp;height=1919&amp;hash=3359\" \/><img decoding=\"async\" src=\"https:\/\/ae01.alicdn.com\/kf\/Sd7e9bd0e2c6940f2ac7605b47fb6e9779.jpg?width=1440&amp;height=1919&amp;hash=3359\" \/><img decoding=\"async\" src=\"https:\/\/ae01.alicdn.com\/kf\/Sfae91c807395439994985fd3bf4b6007y.jpg?width=1440&amp;height=1919&amp;hash=3359\" \/><img decoding=\"async\" src=\"https:\/\/ae01.alicdn.com\/kf\/S98a4e0634152492d98601e20bd76236em.jpg?width=1440&amp;height=1919&amp;hash=3359\" \/><img decoding=\"async\" src=\"https:\/\/ae01.alicdn.com\/kf\/S0729cdc2a0f048ebbaa05d47f911ee19W.jpg?width=1920&amp;height=1440&amp;hash=3360\" \/><br \/>\u00c2\u00a0 \u00c2\u00a0 \u00c2\u00a0 \u00c2\u00a0 \u00c2\u00a0 \u00c2\u00a0 \u00c2\u00a0 \u00c2\u00a0 \u00c2\u00a0 \u00c2\u00a0 \u00c2\u00a0 \u00c2\u00a0 \u00c2\u00a0 \u00c2\u00a0 \u00c2\u00a0 \u00c2\u00a0 \u00c2\u00a0 \u00c2\u00a0 \u00c2\u00a0 \u00c2\u00a0 \u00c2\u00a0 \u00c2\u00a0 \u00c2\u00a0<span id=\"tl_2\"><\/span><\/p>\n<\/div>\n<\/div>\n<\/div>\n<\/div>\n<p><img decoding=\"async\" class=\"img-responsive\" src=\"\/\/ae01.alicdn.com\/kf\/S0c11fd9cb5314aab9bf1c1922834497di.jpg\" \/><img decoding=\"async\" class=\"img-responsive\" src=\"\/\/ae01.alicdn.com\/kf\/S053721e03007499cb4698f00c1c0c9bf1.jpg\" \/><img decoding=\"async\" class=\"img-responsive\" src=\"\/\/ae01.alicdn.com\/kf\/Sad02cbfe92444d6f86501cf7940dd3d4e.jpg\" \/><img decoding=\"async\" class=\"img-responsive\" src=\"\/\/ae01.alicdn.com\/kf\/Se12aa8e02374460a88de95b68d1c0b68o.jpg\" \/><img decoding=\"async\" class=\"img-responsive\" src=\"\/\/ae01.alicdn.com\/kf\/S36313900e0a84cbe90077c99a01e402aK.jpg\" \/><img decoding=\"async\" class=\"img-responsive\" src=\"\/\/ae01.alicdn.com\/kf\/Sdfabebc3c2f1447eb12ccd62a757500fg.jpg\" \/><img decoding=\"async\" class=\"img-responsive\" src=\"\/\/ae01.alicdn.com\/kf\/S79ed26d307a14094a4b427af2acab72eO.jpg\" \/><img decoding=\"async\" class=\"img-responsive\" src=\"\/\/ae01.alicdn.com\/kf\/Sd8f293f82e354b06ad37539e64f6e0d37.jpg\" \/><img decoding=\"async\" class=\"img-responsive\" src=\"\/\/ae01.alicdn.com\/kf\/S2e6871af5b1e413d9998560f6ab06c573.jpg\" \/><img decoding=\"async\" class=\"img-responsive\" src=\"\/\/ae01.alicdn.com\/kf\/S0c0146a8dcba4340bc340aff799dc94dt.jpg\" \/><img decoding=\"async\" class=\"img-responsive\" src=\"\/\/ae01.alicdn.com\/kf\/Sb0e9f0d032b24468ae88f499b347b4d8M.jpg\" \/><img decoding=\"async\" class=\"img-responsive\" src=\"\/\/ae01.alicdn.com\/kf\/Sf9cd1563b38d45f09e8c326eb76dc1bb3.jpg\" \/><img decoding=\"async\" class=\"img-responsive\" src=\"\/\/ae01.alicdn.com\/kf\/S9cd54152d3514865a878c65e45f7bd738.jpg\" \/><img decoding=\"async\" class=\"img-responsive\" src=\"\/\/ae01.alicdn.com\/kf\/S545b152d70704975ab808282e2329450O.jpg\" \/><img decoding=\"async\" class=\"img-responsive\" src=\"\/\/ae01.alicdn.com\/kf\/S4d485618c8bf48bc9d0655ddf0201333Y.jpg\" \/><img decoding=\"async\" class=\"img-responsive\" src=\"\/\/ae01.alicdn.com\/kf\/Sf03e3a2f38684f9486ae09659fd79af9f.jpg\" \/><img decoding=\"async\" class=\"img-responsive\" src=\"\/\/ae01.alicdn.com\/kf\/Se2d9a2afeeab43d583e50e05b7e3fd6dh.jpg\" \/><img decoding=\"async\" class=\"img-responsive\" src=\"\/\/ae01.alicdn.com\/kf\/Saff7b1ccb8184fe2b90c088d9191f9c25.jpg\" \/><img decoding=\"async\" class=\"img-responsive\" src=\"\/\/ae01.alicdn.com\/kf\/Sc243479b317d4d8d8f9d9e5a71eb52d1o.jpg\" \/><img decoding=\"async\" class=\"img-responsive\" src=\"\/\/ae01.alicdn.com\/kf\/Sc60a0cebea17410594159f535d6b17b49.jpg\" \/><img decoding=\"async\" class=\"img-responsive\" src=\"\/\/ae01.alicdn.com\/kf\/Sdda74aeeb137403d823c839de37576e2w.jpg\" \/><img decoding=\"async\" class=\"img-responsive\" src=\"\/\/ae01.alicdn.com\/kf\/Sabcb14aaab0f4975be58d43d96ed8dab2.jpg\" \/><img decoding=\"async\" class=\"img-responsive\" src=\"\/\/ae01.alicdn.com\/kf\/S79e33fca92ae415e86f113e8718bb0d5x.jpg\" \/><img decoding=\"async\" class=\"img-responsive\" src=\"\/\/ae01.alicdn.com\/kf\/Se4f9d16cb2bd4e13af5cc15cb4f6dc0fY.jpg\" \/><img decoding=\"async\" class=\"img-responsive\" src=\"\/\/ae01.alicdn.com\/kf\/Sf61969c7bcc440c9b5f133c297357a46U.jpg\" \/><img decoding=\"async\" class=\"img-responsive\" src=\"\/\/ae01.alicdn.com\/kf\/S0e8457400faf46a4b933ac73ffbb87c2F.jpg\" \/><img decoding=\"async\" class=\"img-responsive\" src=\"\/\/ae01.alicdn.com\/kf\/Sc5421bc1473048aa9a440d3c892d63cac.jpg\" \/><img decoding=\"async\" class=\"img-responsive\" src=\"\/\/ae01.alicdn.com\/kf\/Scb8901fd29374d2092516c3241877bbaT.jpg\" \/><img decoding=\"async\" class=\"img-responsive\" src=\"\/\/ae01.alicdn.com\/kf\/S8f642ede36cf45e1abc30434d31f490e5.jpg\" \/><img decoding=\"async\" class=\"img-responsive\" src=\"\/\/ae01.alicdn.com\/kf\/S797721b534df4c999fa47baefcea341de.jpg\" \/><img decoding=\"async\" class=\"img-responsive\" src=\"\/\/ae01.alicdn.com\/kf\/S9f99b1ebf1d046d49d03351c1ed80ccfO.jpg\" \/><img decoding=\"async\" class=\"img-responsive\" src=\"\/\/ae01.alicdn.com\/kf\/S2b7e42288963498fa31109d32cc7c176u.jpg\" \/><img decoding=\"async\" class=\"img-responsive\" src=\"\/\/ae01.alicdn.com\/kf\/S642dea8dfcba410d8bfe4830cda64fdc1.jpg\" \/><img decoding=\"async\" class=\"img-responsive\" src=\"\/\/ae01.alicdn.com\/kf\/Sb1fd8abbfc8f4c84b6d0f173b56ab7dfU.jpg\" \/><img decoding=\"async\" class=\"img-responsive\" src=\"\/\/ae01.alicdn.com\/kf\/S0785b41f69fb413d9270d82df5459a2dS.jpg\" \/><img decoding=\"async\" class=\"img-responsive\" src=\"\/\/ae01.alicdn.com\/kf\/S23c5f363a0764c47b775f60d127652d0j.jpg\" \/><img decoding=\"async\" class=\"img-responsive\" src=\"\/\/ae01.alicdn.com\/kf\/Sc9776c7c839347b79198fb1ecc818a579.jpg\" \/><img decoding=\"async\" class=\"img-responsive\" src=\"\/\/ae01.alicdn.com\/kf\/S83bd06e926db4bdb8649f9a540e247c8p.jpg\" \/><img decoding=\"async\" class=\"img-responsive\" src=\"\/\/ae01.alicdn.com\/kf\/Sd7e9bd0e2c6940f2ac7605b47fb6e9779.jpg\" \/><img decoding=\"async\" class=\"img-responsive\" src=\"\/\/ae01.alicdn.com\/kf\/Sfae91c807395439994985fd3bf4b6007y.jpg\" \/><img decoding=\"async\" class=\"img-responsive\" src=\"\/\/ae01.alicdn.com\/kf\/S98a4e0634152492d98601e20bd76236em.jpg\" \/><img decoding=\"async\" class=\"img-responsive\" src=\"\/\/ae01.alicdn.com\/kf\/S0729cdc2a0f048ebbaa05d47f911ee19W.jpg\" \/><\/p><\/p>\n","protected":false},"excerpt":{"rendered":"<p>\u00c2\u00a0 \u00c2\u00a0 \u00c2\u00a0 \u00c2\u00a0 \u00c2\u00a0 \u00c2\u00a0 \u00c2\u00a0 \u00c2\u00a0 \u00c2\u00a0 \u00c2\u00a0 \u00c2\u00a0 \u00c2\u00a0 \u00c2\u00a0 \u00c2\u00a0 \u00c2\u00a0 \u00c2\u00a0 \u00c2\u00a0 \u00c2\u00a0 \u00c2\u00a0 \u00c2\u00a0 [&hellip;]<\/p>\n","protected":false},"featured_media":442,"comment_status":"open","ping_status":"closed","template":"","meta":[],"product_brand":[],"product_cat":[],"product_tag":[],"class_list":{"0":"post-430","1":"product","2":"type-product","3":"status-publish","4":"has-post-thumbnail","6":"pa_couleur-apricot","7":"pa_couleur-black","8":"pa_couleur-white","9":"pa_couleur-blue","10":"pa_taille-s","11":"pa_taille-l","12":"pa_taille-m","13":"pa_taille-xxl","14":"pa_taille-xl","16":"first","17":"instock","18":"shipping-taxable","19":"purchasable","20":"product-type-variable"},"_links":{"self":[{"href":"https:\/\/orientlook.com\/index.php\/wp-json\/wp\/v2\/product\/430","targetHints":{"allow":["GET"]}}],"collection":[{"href":"https:\/\/orientlook.com\/index.php\/wp-json\/wp\/v2\/product"}],"about":[{"href":"https:\/\/orientlook.com\/index.php\/wp-json\/wp\/v2\/types\/product"}],"replies":[{"embeddable":true,"href":"https:\/\/orientlook.com\/index.php\/wp-json\/wp\/v2\/comments?post=430"}],"wp:featuredmedia":[{"embeddable":true,"href":"https:\/\/orientlook.com\/index.php\/wp-json\/wp\/v2\/media\/442"}],"wp:attachment":[{"href":"https:\/\/orientlook.com\/index.php\/wp-json\/wp\/v2\/media?parent=430"}],"wp:term":[{"taxonomy":"product_brand","embeddable":true,"href":"https:\/\/orientlook.com\/index.php\/wp-json\/wp\/v2\/product_brand?post=430"},{"taxonomy":"product_cat","embeddable":true,"href":"https:\/\/orientlook.com\/index.php\/wp-json\/wp\/v2\/product_cat?post=430"},{"taxonomy":"product_tag","embeddable":true,"href":"https:\/\/orientlook.com\/index.php\/wp-json\/wp\/v2\/product_tag?post=430"}],"curies":[{"name":"wp","href":"https:\/\/api.w.org\/{rel}","templated":true}]}}