{"id":410,"date":"2026-04-11T16:35:27","date_gmt":"2026-04-11T16:35:27","guid":{"rendered":"https:\/\/orientlook.com\/?post_type=product&#038;p=410"},"modified":"2026-04-11T16:35:27","modified_gmt":"2026-04-11T16:35:27","slug":"ensemble-deux-pieces-pour-femme-musulmane-chemisier-long-et-pantalon-a-jambes-larges-robe-caftan-du-ramadan-maroc-tenue-decontractee","status":"publish","type":"product","link":"https:\/\/orientlook.com\/index.php\/product\/ensemble-deux-pieces-pour-femme-musulmane-chemisier-long-et-pantalon-a-jambes-larges-robe-caftan-du-ramadan-maroc-tenue-decontractee\/","title":{"rendered":"Ensemble Deux Pi\u00e8ces pour Femme Musulmane, Chemisier Long et Pantalon \u00e0 Jambes Larges, Robe Caftan du Ramadan, Maroc, Tenue D\u00e9contract\u00e9e"},"content":{"rendered":"<div class=\"detailmodule_html\">\n<div class=\"detail-desc-decorate-richtext\">\n<p>\u00c2\u00a0<\/p>\n<p style=\"text-align: left; margin: 0;\"><img decoding=\"async\" src=\"https:\/\/ae01.alicdn.com\/kf\/Sbea4b82bdd4f48f597176f3521b0f33aG.jpg?width=750&amp;height=750&amp;hash=1500\" data-id=\"ckeditor_img11\" \/><img decoding=\"async\" src=\"https:\/\/ae01.alicdn.com\/kf\/S9cc54a8db22a4a4096adced9b99c2ac4u.jpg?width=718&amp;height=720&amp;hash=1438\" data-id=\"ckeditor_img12\" \/><img decoding=\"async\" src=\"https:\/\/ae01.alicdn.com\/kf\/S0146e833f9aa4bbab7abf7aef7add48a1.jpg?width=717&amp;height=719&amp;hash=1436\" data-id=\"ckeditor_img13\" \/><img decoding=\"async\" src=\"https:\/\/ae01.alicdn.com\/kf\/S503b0f1ce92245489d544a0b1655678cH.jpg?width=715&amp;height=721&amp;hash=1436\" data-id=\"ckeditor_img14\" \/><img decoding=\"async\" src=\"https:\/\/ae01.alicdn.com\/kf\/S1a095fb6f8254cc3800a51205963837af.jpg?width=715&amp;height=713&amp;hash=1428\" data-id=\"ckeditor_img15\" \/><img decoding=\"async\" src=\"https:\/\/ae01.alicdn.com\/kf\/Se99d018529aa449f957965006c5a6ae1b.jpg?width=699&amp;height=699&amp;hash=1398\" data-id=\"ckeditor_img16\" \/><\/p>\n<p style=\"text-align: left; margin: 0;\">\u00c2\u00a0<\/p>\n<p>\u00c2\u00a0<\/p>\n<\/div>\n<\/div>\n<p><img decoding=\"async\" class=\"img-responsive\" src=\"\/\/ae01.alicdn.com\/kf\/Sbea4b82bdd4f48f597176f3521b0f33aG.jpg\" \/><img decoding=\"async\" class=\"img-responsive\" src=\"\/\/ae01.alicdn.com\/kf\/S9cc54a8db22a4a4096adced9b99c2ac4u.jpg\" \/><img decoding=\"async\" class=\"img-responsive\" src=\"\/\/ae01.alicdn.com\/kf\/S0146e833f9aa4bbab7abf7aef7add48a1.jpg\" \/><img decoding=\"async\" class=\"img-responsive\" src=\"\/\/ae01.alicdn.com\/kf\/S503b0f1ce92245489d544a0b1655678cH.jpg\" \/><img decoding=\"async\" class=\"img-responsive\" src=\"\/\/ae01.alicdn.com\/kf\/S1a095fb6f8254cc3800a51205963837af.jpg\" \/><img decoding=\"async\" class=\"img-responsive\" src=\"\/\/ae01.alicdn.com\/kf\/Se99d018529aa449f957965006c5a6ae1b.jpg\" \/><\/p><\/p>\n","protected":false},"excerpt":{"rendered":"<p>\u00c2\u00a0 \u00c2\u00a0 \u00c2\u00a0<\/p>\n","protected":false},"featured_media":420,"comment_status":"open","ping_status":"closed","template":"","meta":[],"product_brand":[],"product_cat":[],"product_tag":[],"class_list":{"0":"post-410","1":"product","2":"type-product","3":"status-publish","4":"has-post-thumbnail","6":"pa_couleur-camel","7":"pa_taille-s","8":"pa_taille-l","9":"pa_taille-m","10":"pa_taille-xxl","11":"pa_taille-xl","13":"first","14":"instock","15":"shipping-taxable","16":"purchasable","17":"product-type-variable"},"_links":{"self":[{"href":"https:\/\/orientlook.com\/index.php\/wp-json\/wp\/v2\/product\/410","targetHints":{"allow":["GET"]}}],"collection":[{"href":"https:\/\/orientlook.com\/index.php\/wp-json\/wp\/v2\/product"}],"about":[{"href":"https:\/\/orientlook.com\/index.php\/wp-json\/wp\/v2\/types\/product"}],"replies":[{"embeddable":true,"href":"https:\/\/orientlook.com\/index.php\/wp-json\/wp\/v2\/comments?post=410"}],"wp:featuredmedia":[{"embeddable":true,"href":"https:\/\/orientlook.com\/index.php\/wp-json\/wp\/v2\/media\/420"}],"wp:attachment":[{"href":"https:\/\/orientlook.com\/index.php\/wp-json\/wp\/v2\/media?parent=410"}],"wp:term":[{"taxonomy":"product_brand","embeddable":true,"href":"https:\/\/orientlook.com\/index.php\/wp-json\/wp\/v2\/product_brand?post=410"},{"taxonomy":"product_cat","embeddable":true,"href":"https:\/\/orientlook.com\/index.php\/wp-json\/wp\/v2\/product_cat?post=410"},{"taxonomy":"product_tag","embeddable":true,"href":"https:\/\/orientlook.com\/index.php\/wp-json\/wp\/v2\/product_tag?post=410"}],"curies":[{"name":"wp","href":"https:\/\/api.w.org\/{rel}","templated":true}]}}