{"id":365,"date":"2026-04-11T16:34:30","date_gmt":"2026-04-11T16:34:30","guid":{"rendered":"https:\/\/orientlook.com\/?post_type=product&#038;p=365"},"modified":"2026-04-11T16:34:30","modified_gmt":"2026-04-11T16:34:30","slug":"ensembles-musulmans-femme-2026-tenues-assorties-tendance-survetements-a-manches-longues-blouses-et-pantalons-large-decontractes-oversize","status":"publish","type":"product","link":"https:\/\/orientlook.com\/index.php\/product\/ensembles-musulmans-femme-2026-tenues-assorties-tendance-survetements-a-manches-longues-blouses-et-pantalons-large-decontractes-oversize\/","title":{"rendered":"Ensembles Musulmans Femme 2026 : Tenues Assorties Tendance, Surv\u00eatements \u00e0 Manches Longues, Blouses et Pantalons Large D\u00e9contract\u00e9s Oversize"},"content":{"rendered":"<div class=\"detailmodule_html\">\n<div class=\"detail-desc-decorate-richtext\">\n<div class=\"detailmodule_html\">\n<div class=\"detail-desc-decorate-richtext\">\n<h3 class=\"product-title grid\" style=\"box-sizing: inherit; margin: 0px; padding: 0px; font-weight: 400; line-height: 1.2em; font-style: normal; font-variant-ligatures: normal; font-variant-caps: normal; letter-spacing: normal; orphans: 2; text-indent: 0px; text-transform: none; white-space: normal; widows: 2; word-spacing: 0px; -webkit-text-stroke-width: 0px; background-color: #ffffff; text-decoration-style: initial; text-decoration-color: initial; text-align: center;\">\u00c2\u00a0<\/h3>\n<p style=\"text-align: center; margin: 0;\"><img decoding=\"async\" src=\"https:\/\/ae01.alicdn.com\/kf\/Sc9aa7ee972904426869e1a266552d843o.jpg?width=800&amp;height=800&amp;hash=1600\" \/><img decoding=\"async\" src=\"https:\/\/ae01.alicdn.com\/kf\/S017e8029439a43d88d365f069802bad2d.jpg?width=800&amp;height=800&amp;hash=1600\" \/><img decoding=\"async\" src=\"https:\/\/ae01.alicdn.com\/kf\/S781d4bfa194f4793be9d6a07efda8a19f.jpg?width=800&amp;height=800&amp;hash=1600\" \/><img decoding=\"async\" src=\"https:\/\/ae01.alicdn.com\/kf\/S8161a15afca949aaa63e4647a041afc9R.jpg?width=800&amp;height=800&amp;hash=1600\" \/><img decoding=\"async\" src=\"https:\/\/ae01.alicdn.com\/kf\/S8d446b6e63b04867b54e2aa19200e589F.jpg?width=800&amp;height=800&amp;hash=1600\" \/><img decoding=\"async\" src=\"https:\/\/ae01.alicdn.com\/kf\/S646d53a1fb1c403e84c22be6f58b3c8aU.jpg?width=800&amp;height=800&amp;hash=1600\" \/><img decoding=\"async\" src=\"https:\/\/ae01.alicdn.com\/kf\/S60b32f4c06b548bc98ac0915d6d5596ar.jpg?width=800&amp;height=800&amp;hash=1600\" \/><img decoding=\"async\" src=\"https:\/\/ae01.alicdn.com\/kf\/Sc65a0dec922f458da49f9618473e8734g.jpg?width=800&amp;height=800&amp;hash=1600\" \/><img decoding=\"async\" src=\"https:\/\/ae01.alicdn.com\/kf\/S337a778df35d4a5fb150c1f6bdb6068ef.jpg?width=800&amp;height=800&amp;hash=1600\" \/><img decoding=\"async\" src=\"https:\/\/ae01.alicdn.com\/kf\/S95033745248d4b8aaf707a9161e4eac47.jpg?width=800&amp;height=800&amp;hash=1600\" \/><\/p>\n<h3 class=\"product-title grid\" style=\"box-sizing: inherit; margin: 0px; padding: 0px; font-weight: 400; line-height: 1.2em; font-style: normal; font-variant-ligatures: normal; font-variant-caps: normal; letter-spacing: normal; orphans: 2; text-indent: 0px; text-transform: none; white-space: normal; widows: 2; word-spacing: 0px; -webkit-text-stroke-width: 0px; background-color: #ffffff; text-decoration-style: initial; text-decoration-color: initial; text-align: center;\">\u00c2\u00a0<\/h3>\n<h3 class=\"product-title grid\" style=\"box-sizing: inherit; margin: 0px; padding: 0px; font-weight: 400; line-height: 1.2em; font-style: normal; font-variant-ligatures: normal; font-variant-caps: normal; letter-spacing: normal; orphans: 2; text-indent: 0px; text-transform: none; white-space: normal; widows: 2; word-spacing: 0px; -webkit-text-stroke-width: 0px; background-color: #ffffff; text-decoration-style: initial; text-decoration-color: initial; text-align: center;\">\u00c2\u00a0<\/h3>\n<h3 class=\"product-title grid\" style=\"box-sizing: inherit; margin: 0px; padding: 0px; font-weight: 400; line-height: 1.2em; font-style: normal; font-variant-ligatures: normal; font-variant-caps: normal; letter-spacing: normal; orphans: 2; text-indent: 0px; text-transform: none; white-space: normal; widows: 2; word-spacing: 0px; -webkit-text-stroke-width: 0px; background-color: #ffffff; text-decoration-style: initial; text-decoration-color: initial; text-align: center;\"><b style=\"text-align: center;\"><span class=\"15\"><span style=\"background-image: initial; background-position: initial; background-size: initial; background-repeat: initial; background-attachment: initial; background-origin: initial; background-clip: initial;\"><span style=\"letter-spacing: 0pt;\"><span style=\"color: #222222; font-family: Open Sans, Roboto, Arial, Helvetica, sans-serif, SimSun;\"><span style=\"font-size: 20px;\">\u00c2\u00a0<\/span><\/span><\/span><\/span><\/span><\/b><\/h3>\n<p>\u00c2\u00a0<\/p>\n<\/div>\n<\/div>\n<\/div>\n<\/div>\n<p><img decoding=\"async\" class=\"img-responsive\" src=\"\/\/ae01.alicdn.com\/kf\/Sc9aa7ee972904426869e1a266552d843o.jpg\" \/><img decoding=\"async\" class=\"img-responsive\" src=\"\/\/ae01.alicdn.com\/kf\/S017e8029439a43d88d365f069802bad2d.jpg\" \/><img decoding=\"async\" class=\"img-responsive\" src=\"\/\/ae01.alicdn.com\/kf\/S781d4bfa194f4793be9d6a07efda8a19f.jpg\" \/><img decoding=\"async\" class=\"img-responsive\" src=\"\/\/ae01.alicdn.com\/kf\/S8161a15afca949aaa63e4647a041afc9R.jpg\" \/><img decoding=\"async\" class=\"img-responsive\" src=\"\/\/ae01.alicdn.com\/kf\/S8d446b6e63b04867b54e2aa19200e589F.jpg\" \/><img decoding=\"async\" class=\"img-responsive\" src=\"\/\/ae01.alicdn.com\/kf\/S646d53a1fb1c403e84c22be6f58b3c8aU.jpg\" \/><img decoding=\"async\" class=\"img-responsive\" src=\"\/\/ae01.alicdn.com\/kf\/S60b32f4c06b548bc98ac0915d6d5596ar.jpg\" \/><img decoding=\"async\" class=\"img-responsive\" src=\"\/\/ae01.alicdn.com\/kf\/Sc65a0dec922f458da49f9618473e8734g.jpg\" \/><img decoding=\"async\" class=\"img-responsive\" src=\"\/\/ae01.alicdn.com\/kf\/S337a778df35d4a5fb150c1f6bdb6068ef.jpg\" \/><img decoding=\"async\" class=\"img-responsive\" src=\"\/\/ae01.alicdn.com\/kf\/S95033745248d4b8aaf707a9161e4eac47.jpg\" \/><\/p><\/p>\n","protected":false},"excerpt":{"rendered":"<p>\u00c2\u00a0 \u00c2\u00a0 \u00c2\u00a0 \u00c2\u00a0 \u00c2\u00a0<\/p>\n","protected":false},"featured_media":366,"comment_status":"open","ping_status":"closed","template":"","meta":[],"product_brand":[],"product_cat":[],"product_tag":[],"class_list":{"0":"post-365","1":"product","2":"type-product","3":"status-publish","4":"has-post-thumbnail","6":"pa_couleur-black","7":"pa_couleur-blue","8":"pa_couleur-red","9":"pa_couleur-green","10":"pa_taille-s","11":"pa_taille-l","12":"pa_taille-m","13":"pa_taille-xxl","14":"pa_taille-xl","15":"pa_taille-xxxl","17":"first","18":"instock","19":"shipping-taxable","20":"purchasable","21":"product-type-variable"},"_links":{"self":[{"href":"https:\/\/orientlook.com\/index.php\/wp-json\/wp\/v2\/product\/365","targetHints":{"allow":["GET"]}}],"collection":[{"href":"https:\/\/orientlook.com\/index.php\/wp-json\/wp\/v2\/product"}],"about":[{"href":"https:\/\/orientlook.com\/index.php\/wp-json\/wp\/v2\/types\/product"}],"replies":[{"embeddable":true,"href":"https:\/\/orientlook.com\/index.php\/wp-json\/wp\/v2\/comments?post=365"}],"wp:featuredmedia":[{"embeddable":true,"href":"https:\/\/orientlook.com\/index.php\/wp-json\/wp\/v2\/media\/366"}],"wp:attachment":[{"href":"https:\/\/orientlook.com\/index.php\/wp-json\/wp\/v2\/media?parent=365"}],"wp:term":[{"taxonomy":"product_brand","embeddable":true,"href":"https:\/\/orientlook.com\/index.php\/wp-json\/wp\/v2\/product_brand?post=365"},{"taxonomy":"product_cat","embeddable":true,"href":"https:\/\/orientlook.com\/index.php\/wp-json\/wp\/v2\/product_cat?post=365"},{"taxonomy":"product_tag","embeddable":true,"href":"https:\/\/orientlook.com\/index.php\/wp-json\/wp\/v2\/product_tag?post=365"}],"curies":[{"name":"wp","href":"https:\/\/api.w.org\/{rel}","templated":true}]}}