{"id":279,"date":"2026-04-11T16:31:58","date_gmt":"2026-04-11T16:31:58","guid":{"rendered":"https:\/\/orientlook.com\/?post_type=product&#038;p=279"},"modified":"2026-04-11T16:31:58","modified_gmt":"2026-04-11T16:31:58","slug":"femmes-musulmanes-jupe-ensembles-blouse-2-pieces-costume-dessus-de-chemise-jupes-longues-simple-boutonnage-marocain-dubai-ensemble-arabe-tenues-decontractees","status":"publish","type":"product","link":"https:\/\/orientlook.com\/index.php\/product\/femmes-musulmanes-jupe-ensembles-blouse-2-pieces-costume-dessus-de-chemise-jupes-longues-simple-boutonnage-marocain-dubai-ensemble-arabe-tenues-decontractees\/","title":{"rendered":"Femmes musulmanes jupe ensembles Blouse 2 pi\u00e8ces costume dessus de chemise jupes longues simple boutonnage marocain duba\u00ef Ensemble arabe tenues d\u00e9contract\u00e9es"},"content":{"rendered":"<div class=\"detailmodule_html\">\n<div class=\"detail-desc-decorate-richtext\">\n<div>\n<div>\n<div id=\"offer-template-0\">\n<p style=\"text-align:left;margin:0px;margin-bottom:0px;margin-top:0px;margin-left:0px;margin-right:0px\" align=\"left\"><img decoding=\"async\" style=\"width:800px\" width=\"800px\" src=\"https:\/\/ae01.alicdn.com\/kf\/S6c67eedb529a4e1c95f5ff6b9fc858e0G.jpg?width=1094&amp;height=316&amp;hash=1410\" slate-data-type=\"image\" \/><\/p>\n<\/p><\/div>\n<div style=\"width:790px\">\n  <img decoding=\"async\" style=\"display:block;width:100%;height:auto\" width=\"100%\" height=\"auto\" src=\"https:\/\/ae01.alicdn.com\/kf\/Sdad80854d90e425487d609c4b01506b0Q.jpg?width=1440&amp;height=1639&amp;hash=3079\" usemap=\"#_sdmap_2\" slate-data-type=\"image\" \/><br \/>\n  <img decoding=\"async\" style=\"display:block;width:100%;height:auto\" width=\"100%\" height=\"auto\" src=\"https:\/\/ae01.alicdn.com\/kf\/Scfd51e08ba2c4b99b5e135748b169060n.jpg?width=1440&amp;height=1800&amp;hash=3240\" usemap=\"#_sdmap_3\" slate-data-type=\"image\" \/><br \/>\n  <img decoding=\"async\" style=\"display:block;width:100%;height:auto\" width=\"100%\" height=\"auto\" src=\"https:\/\/ae01.alicdn.com\/kf\/S5d3a58a06e8f4461927006f327541a82z.jpg?width=1440&amp;height=1800&amp;hash=3240\" usemap=\"#_sdmap_4\" slate-data-type=\"image\" \/><br \/>\n  <img decoding=\"async\" style=\"display:block;width:100%;height:auto\" width=\"100%\" height=\"auto\" src=\"https:\/\/ae01.alicdn.com\/kf\/S9cfad115638c49b9ae8550ae75630f9dp.jpg?width=1440&amp;height=1800&amp;hash=3240\" usemap=\"#_sdmap_5\" slate-data-type=\"image\" \/><br \/>\n  <img decoding=\"async\" style=\"display:block;width:100%;height:auto\" width=\"100%\" height=\"auto\" src=\"https:\/\/ae01.alicdn.com\/kf\/Sc216a384c1114226be1377e411579582n.jpg?width=1279&amp;height=1279&amp;hash=2558\" usemap=\"#_sdmap_6\" slate-data-type=\"image\" \/><br \/>\n  <img decoding=\"async\" style=\"display:block;width:100%;height:auto\" width=\"100%\" height=\"auto\" src=\"https:\/\/ae01.alicdn.com\/kf\/Sd9b288eb40d3400ba0fc02ec0cbedee5Z.jpg?width=1280&amp;height=1280&amp;hash=2560\" usemap=\"#_sdmap_7\" slate-data-type=\"image\" \/><br \/>\n  <img decoding=\"async\" style=\"display:block;width:100%;height:auto\" width=\"100%\" height=\"auto\" src=\"https:\/\/ae01.alicdn.com\/kf\/Sa1649c7ca2794f94a965fc1b411221d0t.jpg?width=1280&amp;height=1280&amp;hash=2560\" usemap=\"#_sdmap_8\" slate-data-type=\"image\" \/>\n <\/div><\/div>\n<\/div>\n<p><\/div>\n<\/div>\n<p><img decoding=\"async\" class=\"img-responsive\" src=\"\/\/ae01.alicdn.com\/kf\/S8c816047f2e4486d9ecf107d3b676a32T.jpg\"\/><img decoding=\"async\" class=\"img-responsive\" src=\"\/\/ae01.alicdn.com\/kf\/Sa5197070decb479f9c78818e2f35da2cq.jpg\"\/><img decoding=\"async\" class=\"img-responsive\" src=\"\/\/ae01.alicdn.com\/kf\/Sd66dcc031b354e45b1215bc23c929673r.jpg\"\/><img decoding=\"async\" class=\"img-responsive\" src=\"\/\/ae01.alicdn.com\/kf\/S1132b500c01f40b5b0ce82853619f8a0p.jpg\"\/><img decoding=\"async\" class=\"img-responsive\" src=\"\/\/ae01.alicdn.com\/kf\/S95ad30827890486b9fe2c414010e3752m.jpg\"\/><img decoding=\"async\" class=\"img-responsive\" src=\"\/\/ae01.alicdn.com\/kf\/S34516002f7384438bb86f6f51fc23cb8E.jpg\"\/><img decoding=\"async\" class=\"img-responsive\" src=\"\/\/ae01.alicdn.com\/kf\/S04acb922b0e046ef84c7e7833f65e447V.jpg\"\/><img decoding=\"async\" class=\"img-responsive\" src=\"\/\/ae01.alicdn.com\/kf\/Sab59c1e9efd246418598f8b6c3b25a7al.jpg\"\/><\/p>\n","protected":false},"excerpt":{"rendered":"","protected":false},"featured_media":288,"comment_status":"open","ping_status":"closed","template":"","meta":[],"product_brand":[],"product_cat":[],"product_tag":[],"class_list":{"0":"post-279","1":"product","2":"type-product","3":"status-publish","4":"has-post-thumbnail","6":"pa_couleur-bleu","7":"pa_couleur-rose","8":"pa_couleur-brun","9":"pa_couleur-bronze","10":"pa_taille-s","11":"pa_taille-l","12":"pa_taille-m","13":"pa_taille-xxl","14":"pa_taille-xl","16":"first","17":"instock","18":"shipping-taxable","19":"purchasable","20":"product-type-variable"},"_links":{"self":[{"href":"https:\/\/orientlook.com\/index.php\/wp-json\/wp\/v2\/product\/279","targetHints":{"allow":["GET"]}}],"collection":[{"href":"https:\/\/orientlook.com\/index.php\/wp-json\/wp\/v2\/product"}],"about":[{"href":"https:\/\/orientlook.com\/index.php\/wp-json\/wp\/v2\/types\/product"}],"replies":[{"embeddable":true,"href":"https:\/\/orientlook.com\/index.php\/wp-json\/wp\/v2\/comments?post=279"}],"wp:featuredmedia":[{"embeddable":true,"href":"https:\/\/orientlook.com\/index.php\/wp-json\/wp\/v2\/media\/288"}],"wp:attachment":[{"href":"https:\/\/orientlook.com\/index.php\/wp-json\/wp\/v2\/media?parent=279"}],"wp:term":[{"taxonomy":"product_brand","embeddable":true,"href":"https:\/\/orientlook.com\/index.php\/wp-json\/wp\/v2\/product_brand?post=279"},{"taxonomy":"product_cat","embeddable":true,"href":"https:\/\/orientlook.com\/index.php\/wp-json\/wp\/v2\/product_cat?post=279"},{"taxonomy":"product_tag","embeddable":true,"href":"https:\/\/orientlook.com\/index.php\/wp-json\/wp\/v2\/product_tag?post=279"}],"curies":[{"name":"wp","href":"https:\/\/api.w.org\/{rel}","templated":true}]}}