{"id":244,"date":"2026-04-11T16:29:36","date_gmt":"2026-04-11T16:29:36","guid":{"rendered":"https:\/\/orientlook.com\/?post_type=product&#038;p=244"},"modified":"2026-04-11T16:29:36","modified_gmt":"2026-04-11T16:29:36","slug":"ensemble-deux-pieces-pour-femmes-musulmanes-du-moyen-orient-chemise-longue-elegante-a-couleur-unie-avec-fente-laterale-pantalon-large-robe-tenue-de-tous-les-jours","status":"publish","type":"product","link":"https:\/\/orientlook.com\/index.php\/product\/ensemble-deux-pieces-pour-femmes-musulmanes-du-moyen-orient-chemise-longue-elegante-a-couleur-unie-avec-fente-laterale-pantalon-large-robe-tenue-de-tous-les-jours\/","title":{"rendered":"Ensemble deux pi\u00e8ces pour femmes musulmanes du Moyen-Orient, chemise longue \u00e9l\u00e9gante \u00e0 couleur unie avec fente lat\u00e9rale, pantalon large, robe, tenue de tous les jours"},"content":{"rendered":"<div class=\"detailmodule_html\">\n<div class=\"detail-desc-decorate-richtext\"><img decoding=\"async\" referrerpolicy=\"no-referrer\" src=\"https:\/\/ae01.alicdn.com\/kf\/Sc2611aa99c384b8096dd164661366ca8G.jpg\" \/><img decoding=\"async\" referrerpolicy=\"no-referrer\" src=\"https:\/\/ae01.alicdn.com\/kf\/Sceeb6bce02ae4186af2937d4ed4391610.jpg\" \/><img decoding=\"async\" referrerpolicy=\"no-referrer\" src=\"https:\/\/ae01.alicdn.com\/kf\/S9aa041a79d0e4348bb795628d5570d52F.jpg\" \/><img decoding=\"async\" referrerpolicy=\"no-referrer\" src=\"https:\/\/ae01.alicdn.com\/kf\/Sf620ee2c0976426498f6774430dc36ceJ.jpg\" \/><img decoding=\"async\" referrerpolicy=\"no-referrer\" src=\"https:\/\/ae01.alicdn.com\/kf\/S5b52f1df151e40d09d37620f11498db6W.jpg\" \/><img decoding=\"async\" referrerpolicy=\"no-referrer\" src=\"https:\/\/ae01.alicdn.com\/kf\/S07cd62ffe54147ec83c9a885b6d7c41fa.jpg\" \/><\/div>\n<\/div>\n","protected":false},"excerpt":{"rendered":"","protected":false},"featured_media":245,"comment_status":"open","ping_status":"closed","template":"","meta":[],"product_brand":[],"product_cat":[],"product_tag":[],"class_list":{"0":"post-244","1":"product","2":"type-product","3":"status-publish","4":"has-post-thumbnail","6":"pa_couleur-black","7":"pa_couleur-jt","8":"pa_couleur-white","9":"pa_couleur-s-blue","10":"pa_taille-s","11":"pa_taille-l","12":"pa_taille-m","13":"pa_taille-xxl","14":"pa_taille-xl","15":"pa_taille-xxxl","17":"first","18":"instock","19":"shipping-taxable","20":"purchasable","21":"product-type-variable"},"_links":{"self":[{"href":"https:\/\/orientlook.com\/index.php\/wp-json\/wp\/v2\/product\/244","targetHints":{"allow":["GET"]}}],"collection":[{"href":"https:\/\/orientlook.com\/index.php\/wp-json\/wp\/v2\/product"}],"about":[{"href":"https:\/\/orientlook.com\/index.php\/wp-json\/wp\/v2\/types\/product"}],"replies":[{"embeddable":true,"href":"https:\/\/orientlook.com\/index.php\/wp-json\/wp\/v2\/comments?post=244"}],"wp:featuredmedia":[{"embeddable":true,"href":"https:\/\/orientlook.com\/index.php\/wp-json\/wp\/v2\/media\/245"}],"wp:attachment":[{"href":"https:\/\/orientlook.com\/index.php\/wp-json\/wp\/v2\/media?parent=244"}],"wp:term":[{"taxonomy":"product_brand","embeddable":true,"href":"https:\/\/orientlook.com\/index.php\/wp-json\/wp\/v2\/product_brand?post=244"},{"taxonomy":"product_cat","embeddable":true,"href":"https:\/\/orientlook.com\/index.php\/wp-json\/wp\/v2\/product_cat?post=244"},{"taxonomy":"product_tag","embeddable":true,"href":"https:\/\/orientlook.com\/index.php\/wp-json\/wp\/v2\/product_tag?post=244"}],"curies":[{"name":"wp","href":"https:\/\/api.w.org\/{rel}","templated":true}]}}