{"id":187,"date":"2026-04-11T16:27:43","date_gmt":"2026-04-11T16:27:43","guid":{"rendered":"https:\/\/orientlook.com\/?post_type=product&#038;p=187"},"modified":"2026-04-11T16:27:43","modified_gmt":"2026-04-11T16:27:43","slug":"robe-de-bal-deux-pieces-musulmane-modeste-noir-or-broderie-coloree-abaya-caftan-turc-maxi-pour-femmes-occasions-formelles","status":"publish","type":"product","link":"https:\/\/orientlook.com\/index.php\/product\/robe-de-bal-deux-pieces-musulmane-modeste-noir-or-broderie-coloree-abaya-caftan-turc-maxi-pour-femmes-occasions-formelles\/","title":{"rendered":"Robe de bal deux pi\u00e8ces musulmane modeste, noir, or, broderie color\u00e9e, Abaya, caftan turc, Maxi, pour femmes, Occasions formelles"},"content":{"rendered":"<div class=\"detailmodule_html\">\n<div class=\"detail-desc-decorate-richtext\">\n<div class=\"detailmodule_html\">\n<div class=\"detail-desc-decorate-richtext\">\n<div class=\"detailmodule_image\">\u00c2\u00a0<\/div>\n<div class=\"detailmodule_text\">\n<p id=\"tl_2\" class=\"detail-desc-decorate-title\" style=\"font-family: OpenSans; font-size: 20px; font-weight: 900; line-height: 28px; white-space: pre-wrap; color: #000000; margin-bottom: 12px;\">PR\u00c3&#8240;SENTATION DU MOD\u00c3&#710;LE<\/p>\n<\/div>\n<div class=\"detailmodule_image\"><img decoding=\"async\" class=\"detail-desc-decorate-image\" style=\"margin-bottom: 10px;\" src=\"https:\/\/ae01.alicdn.com\/kf\/S7017dda2cc00435995fdf2a5b2422841p.jpg\" \/><br \/><img decoding=\"async\" class=\"detail-desc-decorate-image\" style=\"margin-bottom: 10px;\" src=\"https:\/\/ae01.alicdn.com\/kf\/S71e051371c154c59a6c9f18f4b0ef6ce9.jpg\" \/><br \/><img decoding=\"async\" class=\"detail-desc-decorate-image\" style=\"margin-bottom: 10px;\" src=\"https:\/\/ae01.alicdn.com\/kf\/S1442895a09494308be33c507e1ce1e59c.jpg\" \/><br \/><img decoding=\"async\" class=\"detail-desc-decorate-image\" style=\"margin-bottom: 10px;\" src=\"https:\/\/ae01.alicdn.com\/kf\/S8d84529aeb7141b4bdab71b65e38a6be0.jpg\" \/><\/div>\n<div class=\"detailmodule_text\">\n<p id=\"tl_3\" class=\"detail-desc-decorate-title\" style=\"font-family: OpenSans; font-size: 20px; font-weight: 900; line-height: 28px; white-space: pre-wrap; color: #000000; margin-bottom: 12px;\">Tableau des tailles<\/p>\n<\/div>\n<div class=\"detailmodule_image\"><img decoding=\"async\" class=\"detail-desc-decorate-image\" src=\"https:\/\/ae01.alicdn.com\/kf\/S541377f90cf14eb98a3f8247e1fdb282M.jpg\" \/><\/div>\n<div class=\"detailmodule_image\">\u00c2\u00a0<\/div>\n<\/div>\n<\/div>\n<\/div>\n<\/div>\n","protected":false},"excerpt":{"rendered":"<p>\u00c2\u00a0 PR\u00c3&#8240;SENTATION DU MOD\u00c3&#710;LE Tableau des tailles \u00c2\u00a0<\/p>\n","protected":false},"featured_media":188,"comment_status":"open","ping_status":"closed","template":"","meta":[],"product_brand":[],"product_cat":[],"product_tag":[],"class_list":{"0":"post-187","1":"product","2":"type-product","3":"status-publish","4":"has-post-thumbnail","6":"pa_couleur-bleu","7":"pa_taille-s","8":"pa_taille-l","9":"pa_taille-m","10":"pa_taille-xxl","11":"pa_taille-xl","13":"first","14":"instock","15":"shipping-taxable","16":"purchasable","17":"product-type-variable"},"_links":{"self":[{"href":"https:\/\/orientlook.com\/index.php\/wp-json\/wp\/v2\/product\/187","targetHints":{"allow":["GET"]}}],"collection":[{"href":"https:\/\/orientlook.com\/index.php\/wp-json\/wp\/v2\/product"}],"about":[{"href":"https:\/\/orientlook.com\/index.php\/wp-json\/wp\/v2\/types\/product"}],"replies":[{"embeddable":true,"href":"https:\/\/orientlook.com\/index.php\/wp-json\/wp\/v2\/comments?post=187"}],"wp:featuredmedia":[{"embeddable":true,"href":"https:\/\/orientlook.com\/index.php\/wp-json\/wp\/v2\/media\/188"}],"wp:attachment":[{"href":"https:\/\/orientlook.com\/index.php\/wp-json\/wp\/v2\/media?parent=187"}],"wp:term":[{"taxonomy":"product_brand","embeddable":true,"href":"https:\/\/orientlook.com\/index.php\/wp-json\/wp\/v2\/product_brand?post=187"},{"taxonomy":"product_cat","embeddable":true,"href":"https:\/\/orientlook.com\/index.php\/wp-json\/wp\/v2\/product_cat?post=187"},{"taxonomy":"product_tag","embeddable":true,"href":"https:\/\/orientlook.com\/index.php\/wp-json\/wp\/v2\/product_tag?post=187"}],"curies":[{"name":"wp","href":"https:\/\/api.w.org\/{rel}","templated":true}]}}