{"id":147,"date":"2026-04-11T16:26:14","date_gmt":"2026-04-11T16:26:14","guid":{"rendered":"https:\/\/orientlook.com\/?post_type=product&#038;p=147"},"modified":"2026-04-11T16:26:14","modified_gmt":"2026-04-11T16:26:14","slug":"femmes-musulmanes-2-pieces-ensemble-robe-longue-jambe-large-pantalon-costumes-blouse-a-manches-longues-abaya-chemise-arabe-dubai-robes-musulman-ensembles","status":"publish","type":"product","link":"https:\/\/orientlook.com\/index.php\/product\/femmes-musulmanes-2-pieces-ensemble-robe-longue-jambe-large-pantalon-costumes-blouse-a-manches-longues-abaya-chemise-arabe-dubai-robes-musulman-ensembles\/","title":{"rendered":"Femmes musulmanes 2 pi\u00e8ces ensemble robe longue jambe large pantalon costumes Blouse \u00e0 manches longues Abaya chemise arabe duba\u00ef robes Musulman Ensembles"},"content":{"rendered":"<div class=\"detailmodule_html\">\n<div class=\"detail-desc-decorate-richtext\">\n<div id=\"offer-template-0\">\n<p style=\"text-align:center;margin:0;\"><img decoding=\"async\" data-id=\"ckeditor_img131\" referrerpolicy=\"no-referrer\" src=\"https:\/\/ae01.alicdn.com\/kf\/S8761cfcce42b4870952b93c57ab019f7L.jpg?width=1267&#038;height=580&#038;hash=1847\" width=\"800px;\"><br \/>\n&nbsp;<\/p>\n<div style=\"width: 790.0px;\"><img decoding=\"async\" data-id=\"ckeditor_img132\" referrerpolicy=\"no-referrer\" src=\"https:\/\/ae01.alicdn.com\/kf\/S017e537d7ca74139b9c966e913bb6179c.jpg?width=777&#038;height=1146&#038;hash=1923\" style=\"display: block;width: 100.0%;height: auto;\" usemap=\"#_sdmap_1\"> <img decoding=\"async\" data-id=\"ckeditor_img133\" referrerpolicy=\"no-referrer\" src=\"https:\/\/ae01.alicdn.com\/kf\/S56239f5872f64c1f97a23ecff66d479dE.jpg?width=1080&#038;height=1247&#038;hash=2327\" style=\"display: block;width: 100.0%;height: auto;\" usemap=\"#_sdmap_2\"> <img decoding=\"async\" data-id=\"ckeditor_img134\" referrerpolicy=\"no-referrer\" src=\"https:\/\/ae01.alicdn.com\/kf\/Sb2aee19fbee64313a24f7dc6ac7a5c3eE.jpg?width=703&#038;height=1169&#038;hash=1872\" style=\"display: block;width: 100.0%;height: auto;\" usemap=\"#_sdmap_3\"> <img decoding=\"async\" data-id=\"ckeditor_img135\" referrerpolicy=\"no-referrer\" src=\"https:\/\/ae01.alicdn.com\/kf\/S9357dc3c4d2d407f8f52fc8b3a829d79W.jpg?width=1080&#038;height=1247&#038;hash=2327\" style=\"display: block;width: 100.0%;height: auto;\" usemap=\"#_sdmap_4\"> <img decoding=\"async\" data-id=\"ckeditor_img136\" referrerpolicy=\"no-referrer\" src=\"https:\/\/ae01.alicdn.com\/kf\/S341f576772bc445588a4733b868fa15cA.jpg?width=1080&#038;height=1247&#038;hash=2327\" style=\"display: block;width: 100.0%;height: auto;\" usemap=\"#_sdmap_5\"> <img decoding=\"async\" data-id=\"ckeditor_img137\" referrerpolicy=\"no-referrer\" src=\"https:\/\/ae01.alicdn.com\/kf\/S81b018a08788462dbf5a7856c3d7d830i.jpg?width=780&#038;height=911&#038;hash=1691\" style=\"display: block;width: 100.0%;height: auto;\" usemap=\"#_sdmap_6\"><\/div>\n<\/div>\n<\/div>\n<\/div>\n<p><img decoding=\"async\" class=\"img-responsive\" src=\"\/\/ae01.alicdn.com\/kf\/S8761cfcce42b4870952b93c57ab019f7L.jpg\"\/><img decoding=\"async\" class=\"img-responsive\" src=\"\/\/ae01.alicdn.com\/kf\/S017e537d7ca74139b9c966e913bb6179c.jpg\"\/><img decoding=\"async\" class=\"img-responsive\" src=\"\/\/ae01.alicdn.com\/kf\/S56239f5872f64c1f97a23ecff66d479dE.jpg\"\/><img decoding=\"async\" class=\"img-responsive\" src=\"\/\/ae01.alicdn.com\/kf\/Sb2aee19fbee64313a24f7dc6ac7a5c3eE.jpg\"\/><img decoding=\"async\" class=\"img-responsive\" src=\"\/\/ae01.alicdn.com\/kf\/S9357dc3c4d2d407f8f52fc8b3a829d79W.jpg\"\/><img decoding=\"async\" class=\"img-responsive\" src=\"\/\/ae01.alicdn.com\/kf\/S341f576772bc445588a4733b868fa15cA.jpg\"\/><img decoding=\"async\" class=\"img-responsive\" src=\"\/\/ae01.alicdn.com\/kf\/S81b018a08788462dbf5a7856c3d7d830i.jpg\"\/><\/p>\n","protected":false},"excerpt":{"rendered":"<p>&nbsp;<\/p>\n","protected":false},"featured_media":148,"comment_status":"open","ping_status":"closed","template":"","meta":[],"product_brand":[],"product_cat":[],"product_tag":[],"class_list":{"0":"post-147","1":"product","2":"type-product","3":"status-publish","4":"has-post-thumbnail","6":"pa_couleur-noir","7":"pa_couleur-bleu","8":"pa_couleur-red-coffee","9":"pa_couleur-apricot","10":"pa_taille-s","11":"pa_taille-l","12":"pa_taille-m","13":"pa_taille-xxl","14":"pa_taille-xl","15":"pa_taille-xxxl","17":"first","18":"instock","19":"shipping-taxable","20":"purchasable","21":"product-type-variable"},"_links":{"self":[{"href":"https:\/\/orientlook.com\/index.php\/wp-json\/wp\/v2\/product\/147","targetHints":{"allow":["GET"]}}],"collection":[{"href":"https:\/\/orientlook.com\/index.php\/wp-json\/wp\/v2\/product"}],"about":[{"href":"https:\/\/orientlook.com\/index.php\/wp-json\/wp\/v2\/types\/product"}],"replies":[{"embeddable":true,"href":"https:\/\/orientlook.com\/index.php\/wp-json\/wp\/v2\/comments?post=147"}],"wp:featuredmedia":[{"embeddable":true,"href":"https:\/\/orientlook.com\/index.php\/wp-json\/wp\/v2\/media\/148"}],"wp:attachment":[{"href":"https:\/\/orientlook.com\/index.php\/wp-json\/wp\/v2\/media?parent=147"}],"wp:term":[{"taxonomy":"product_brand","embeddable":true,"href":"https:\/\/orientlook.com\/index.php\/wp-json\/wp\/v2\/product_brand?post=147"},{"taxonomy":"product_cat","embeddable":true,"href":"https:\/\/orientlook.com\/index.php\/wp-json\/wp\/v2\/product_cat?post=147"},{"taxonomy":"product_tag","embeddable":true,"href":"https:\/\/orientlook.com\/index.php\/wp-json\/wp\/v2\/product_tag?post=147"}],"curies":[{"name":"wp","href":"https:\/\/api.w.org\/{rel}","templated":true}]}}