{"id":1054,"date":"2026-04-11T16:51:46","date_gmt":"2026-04-11T16:51:46","guid":{"rendered":"https:\/\/orientlook.com\/?post_type=product&#038;p=1054"},"modified":"2026-04-11T16:51:47","modified_gmt":"2026-04-11T16:51:47","slug":"ensemble-musulman-2-pieces-pour-femmes-chemisier-irregulier-en-mousseline-de-soie-a-col-rond-avec-pantalon-a-jambes-larges-ensemble-2-pieces","status":"publish","type":"product","link":"https:\/\/orientlook.com\/index.php\/product\/ensemble-musulman-2-pieces-pour-femmes-chemisier-irregulier-en-mousseline-de-soie-a-col-rond-avec-pantalon-a-jambes-larges-ensemble-2-pieces\/","title":{"rendered":"Ensemble musulman 2 pi\u00e8ces pour femmes, chemisier irr\u00e9gulier en mousseline de soie \u00e0 col rond avec pantalon \u00e0 jambes larges, ensemble 2 pi\u00e8ces"},"content":{"rendered":"<div class=\"detailmodule_html\">\n<div class=\"detail-desc-decorate-richtext\">\n<p>\u00c2\u00a0<\/p>\n<p><img decoding=\"async\" src=\"https:\/\/ae01.alicdn.com\/kf\/S58b73e05b44a4eb595e781c859c793c5g.jpg\" \/><img decoding=\"async\" src=\"https:\/\/ae01.alicdn.com\/kf\/S4ed02058d387401a80eecb592972c5a0V.jpg\" \/><img decoding=\"async\" src=\"https:\/\/ae01.alicdn.com\/kf\/S46de03a16fb4456681a0ada6e87c3a8c3.jpg\" \/><img decoding=\"async\" src=\"https:\/\/ae01.alicdn.com\/kf\/S22f1f6c7bb51427ab2d8318b15472510L.jpg\" \/><img decoding=\"async\" src=\"https:\/\/ae01.alicdn.com\/kf\/S8f8d72e04c904bf5ba7d218077a0c02eH.jpg\" \/><img decoding=\"async\" src=\"https:\/\/ae01.alicdn.com\/kf\/Sfc3e7fede43d42d0a37c598a799d467bk.jpg\" \/><\/p>\n<\/div>\n<\/div>\n<p><img decoding=\"async\" class=\"img-responsive\" src=\"\/\/ae01.alicdn.com\/kf\/S58b73e05b44a4eb595e781c859c793c5g.jpg\" \/><\/p><\/p>\n","protected":false},"excerpt":{"rendered":"<p>\u00c2\u00a0<\/p>\n","protected":false},"featured_media":1055,"comment_status":"open","ping_status":"closed","template":"","meta":[],"product_brand":[],"product_cat":[],"product_tag":[],"class_list":{"0":"post-1054","1":"product","2":"type-product","3":"status-publish","4":"has-post-thumbnail","6":"pa_couleur-noir","7":"pa_taille-s","8":"pa_taille-l","9":"pa_taille-m","10":"pa_taille-xxl","11":"pa_taille-xl","12":"pa_taille-xxxl","13":"pa_taille-xs","15":"first","16":"instock","17":"shipping-taxable","18":"purchasable","19":"product-type-variable"},"_links":{"self":[{"href":"https:\/\/orientlook.com\/index.php\/wp-json\/wp\/v2\/product\/1054","targetHints":{"allow":["GET"]}}],"collection":[{"href":"https:\/\/orientlook.com\/index.php\/wp-json\/wp\/v2\/product"}],"about":[{"href":"https:\/\/orientlook.com\/index.php\/wp-json\/wp\/v2\/types\/product"}],"replies":[{"embeddable":true,"href":"https:\/\/orientlook.com\/index.php\/wp-json\/wp\/v2\/comments?post=1054"}],"wp:featuredmedia":[{"embeddable":true,"href":"https:\/\/orientlook.com\/index.php\/wp-json\/wp\/v2\/media\/1055"}],"wp:attachment":[{"href":"https:\/\/orientlook.com\/index.php\/wp-json\/wp\/v2\/media?parent=1054"}],"wp:term":[{"taxonomy":"product_brand","embeddable":true,"href":"https:\/\/orientlook.com\/index.php\/wp-json\/wp\/v2\/product_brand?post=1054"},{"taxonomy":"product_cat","embeddable":true,"href":"https:\/\/orientlook.com\/index.php\/wp-json\/wp\/v2\/product_cat?post=1054"},{"taxonomy":"product_tag","embeddable":true,"href":"https:\/\/orientlook.com\/index.php\/wp-json\/wp\/v2\/product_tag?post=1054"}],"curies":[{"name":"wp","href":"https:\/\/api.w.org\/{rel}","templated":true}]}}