{"id":1019,"date":"2026-04-11T16:51:17","date_gmt":"2026-04-11T16:51:17","guid":{"rendered":"https:\/\/orientlook.com\/?post_type=product&#038;p=1019"},"modified":"2026-04-11T16:51:17","modified_gmt":"2026-04-11T16:51:17","slug":"ensemble-deux-pieces-de-sport-urbain-pour-femmes-musulmanes-chemise-elegante-a-manches-bouffantes-et-pantalon-ample-a-jambes-larges-tenue-decontractee-pour-le-quotidien","status":"publish","type":"product","link":"https:\/\/orientlook.com\/index.php\/product\/ensemble-deux-pieces-de-sport-urbain-pour-femmes-musulmanes-chemise-elegante-a-manches-bouffantes-et-pantalon-ample-a-jambes-larges-tenue-decontractee-pour-le-quotidien\/","title":{"rendered":"Ensemble deux pi\u00e8ces de sport urbain pour femmes musulmanes : chemise \u00e9l\u00e9gante \u00e0 manches bouffantes et pantalon ample \u00e0 jambes larges \u2013 Tenue d\u00e9contract\u00e9e pour le quotidien"},"content":{"rendered":"<div class=\"detailmodule_html\">\n<div class=\"detail-desc-decorate-richtext\"><img decoding=\"async\" referrerpolicy=\"no-referrer\" src=\"https:\/\/ae01.alicdn.com\/kf\/S51eb2ac69ad64c8599863802c13def03C.jpg\" \/><img decoding=\"async\" referrerpolicy=\"no-referrer\" src=\"https:\/\/ae01.alicdn.com\/kf\/S2ab52d1ffde94fd4ad3e397d699dc755T.jpg\" \/><img decoding=\"async\" referrerpolicy=\"no-referrer\" src=\"https:\/\/ae01.alicdn.com\/kf\/Scd10bcd7d4a44bb69e3097973662262er.jpg\" \/><img decoding=\"async\" referrerpolicy=\"no-referrer\" src=\"https:\/\/ae01.alicdn.com\/kf\/S32071bf3b72f42eb99a194e4efda3921c.jpg\" \/><img decoding=\"async\" referrerpolicy=\"no-referrer\" src=\"https:\/\/ae01.alicdn.com\/kf\/S9c55d1d83b6e4445bc8412746a12ddcbb.jpg\" \/><img decoding=\"async\" referrerpolicy=\"no-referrer\" src=\"https:\/\/ae01.alicdn.com\/kf\/S0246aea12813402485fe3029d325b0d41.jpg\" \/><\/div>\n<\/div>\n","protected":false},"excerpt":{"rendered":"","protected":false},"featured_media":1023,"comment_status":"open","ping_status":"closed","template":"","meta":[],"product_brand":[],"product_cat":[],"product_tag":[],"class_list":{"0":"post-1019","1":"product","2":"type-product","3":"status-publish","4":"has-post-thumbnail","6":"pa_couleur-bleu","7":"pa_couleur-rose","8":"pa_couleur-green","9":"pa_couleur-kq","10":"pa_taille-s","11":"pa_taille-l","12":"pa_taille-m","13":"pa_taille-xxl","14":"pa_taille-xl","15":"pa_taille-xxxl","17":"first","18":"instock","19":"shipping-taxable","20":"purchasable","21":"product-type-variable"},"_links":{"self":[{"href":"https:\/\/orientlook.com\/index.php\/wp-json\/wp\/v2\/product\/1019","targetHints":{"allow":["GET"]}}],"collection":[{"href":"https:\/\/orientlook.com\/index.php\/wp-json\/wp\/v2\/product"}],"about":[{"href":"https:\/\/orientlook.com\/index.php\/wp-json\/wp\/v2\/types\/product"}],"replies":[{"embeddable":true,"href":"https:\/\/orientlook.com\/index.php\/wp-json\/wp\/v2\/comments?post=1019"}],"wp:featuredmedia":[{"embeddable":true,"href":"https:\/\/orientlook.com\/index.php\/wp-json\/wp\/v2\/media\/1023"}],"wp:attachment":[{"href":"https:\/\/orientlook.com\/index.php\/wp-json\/wp\/v2\/media?parent=1019"}],"wp:term":[{"taxonomy":"product_brand","embeddable":true,"href":"https:\/\/orientlook.com\/index.php\/wp-json\/wp\/v2\/product_brand?post=1019"},{"taxonomy":"product_cat","embeddable":true,"href":"https:\/\/orientlook.com\/index.php\/wp-json\/wp\/v2\/product_cat?post=1019"},{"taxonomy":"product_tag","embeddable":true,"href":"https:\/\/orientlook.com\/index.php\/wp-json\/wp\/v2\/product_tag?post=1019"}],"curies":[{"name":"wp","href":"https:\/\/api.w.org\/{rel}","templated":true}]}}